{"id":46,"date":"2023-03-22T13:38:47","date_gmt":"2023-03-22T13:38:47","guid":{"rendered":"https:\/\/caro-oradea.ro\/?page_id=46"},"modified":"2023-08-08T12:51:47","modified_gmt":"2023-08-08T12:51:47","slug":"spa","status":"publish","type":"page","link":"https:\/\/caro-oradea.ro\/hu\/spa\/","title":{"rendered":"GY\u00d3GYF\u00dcRD\u0150"},"content":{"rendered":"<div>centru de relaxare &#8211; sal\u0103 de sport, saun\u0103, masaj.<\/div>\n<h6>SPA, CENTRU DE RELAXARE<\/h6>\n<h2>Hotel Caro Oradea<\/h2>\n<div>Relaxarea ta e satisfac\u021bia noastr\u0103.<\/div>\n<div>\n<p>\nRelaxarea ta e satisfac\u021bia noastr\u0103. Confortul pe care \u021bi-l asigur\u0103m \u00een camer\u0103 l-am completat cu accesul la facilit\u0103\u021bi menite s\u0103-\u021bi asigure starea de bine, fie c\u0103 alegi s\u0103 mergi la saun\u0103, s\u0103-\u021bi \u00eentre\u021bii condi\u021bia fizic\u0103 \u00een sala de sport sau s\u0103 te la\u0219i pe m\u00e2na noastr\u0103 \u0219i s\u0103 ui\u021bi de orice griji \u00een salonul de masaj.\n<\/p>\n<\/div>\n<ul>\n<li>\n<div>saun\u0103<\/div>\n<\/li>\n<li>\n<div>sal\u0103 de sport<\/div>\n<\/li>\n<li>\n<div> masaj<\/div>\n<\/li>\n<\/ul>\n<ul>\n<li>\n<p>        <img decoding=\"async\" src=\"\/wp-content\/uploads\/2023\/08\/spa-03-08-2023.jpg\" alt=\"Hotel Spa Caro Oradea\"><\/p>\n<\/li>\n<li>\n<p>        <img decoding=\"async\" src=\"\/wp-content\/uploads\/2023\/08\/spa-01-08-2023.jpg\" alt=\"Hotel Spa Caro Oradea\"><\/p>\n<\/li>\n<\/ul>\n<p><img decoding=\"async\" src=\"\/wp-content\/uploads\/2023\/08\/spa-04-08-2023.jpg\" alt=\"Hotel Spa Caro Oradea\"><\/p>\n<div>Sal\u0103 de evenimente<\/div>\n<h2>Hotel Caro Oradea<\/h2>\n<div>\n<p>Suntem gata s\u0103 v\u0103 oferim o solu\u021bie personalizat\u0103 pentru nevoile dumneavoastr\u0103, indiferent dac\u0103 dori\u021bi s\u0103 organiza\u021bi un eveniment mic \u0219i intim sau un eveniment mare \u0219i complex. Contacta\u021bi-ne ast\u0103zi pentru a rezerva sala noastr\u0103 de conferin\u021be \u0219i pentru a ne permite s\u0103 v\u0103 ajut\u0103m s\u0103 crea\u021bi un eveniment memorabil pentru dumneavoastr\u0103 \u0219i pentru invita\u021bii dvs.<\/p>\n<\/div>\n<p>\n    <a href=\"\/contact\">Contacteaz\u0103-ne<\/a>\n<\/p>\n<div>\n<p>47.0521,21.9281<\/p>\n<p><img decoding=\"async\" src=\"\/wp-content\/uploads\/2023\/04\/sala-de-conferinta-1400-900-01.jpg\" alt=\"Sal\u0103 de conferin\u021b\u0103 Oradea\"><\/p>\n<h3>Hotel Caro <\/h3>\n<p><a href=\"\" >Oradea<\/a><\/p>\n<div><a href=\"\">Sal\u0103 de conferin\u021be<\/a>, <a href=\"\/contact\">contact<\/a><\/div>\n<p><a href=\"\/contact\">Contact<\/a><\/p>\n<\/div>\n<p><!--more--><br \/>\n<!-- {\"type\":\"layout\",\"children\":[{\"type\":\"section\",\"props\":{\"animation\":\"fade\",\"css\":\"@media (max-width: 959px){\\n    \\n    .el-section > div {\\n        min-height: 450px !important;\\n    }\\n\\n}\\n\\n@media (max-width: 639px){\\n    \\n    .el-section > div {\\n        min-height: 240px !important;\\n    }\\n\\n}\",\"header_transparent\":\"light\",\"image\":\"wp-content\\\/uploads\\\/2023\\\/08\\\/spa-02.jpg\",\"image_position\":\"center-center\",\"image_size\":\"cover\",\"image_width\":\"2560\",\"media_overlay\":\"rgba(0, 0, 0, 0.45)\",\"padding\":\"xlarge\",\"style\":\"default\",\"title_breakpoint\":\"xl\",\"title_position\":\"top-left\",\"title_rotation\":\"left\",\"vertical_align\":\"middle\",\"width\":\"\"},\"children\":[{\"type\":\"row\",\"children\":[{\"type\":\"column\",\"props\":{\"image_position\":\"center-center\",\"position_sticky_breakpoint\":\"m\",\"text_color\":\"light\",\"vertical_align\":\"middle\"},\"children\":[{\"type\":\"headline\",\"props\":{\"margin_remove_bottom\":true,\"text_align\":\"center\",\"title_element\":\"h1\",\"title_style\":\"heading-medium\"},\"source\":{\"query\":{\"name\":\"pages.singlePage\"},\"props\":{\"content\":{\"filters\":{\"search\":\"\"},\"name\":\"title\"}}}},{\"type\":\"text\",\"props\":{\"block_align\":\"center\",\"column_breakpoint\":\"m\",\"content\":\"centru de relaxare - sal\\u0103 de sport, saun\\u0103, masaj.\",\"margin\":\"default\",\"margin_remove_top\":true,\"text_align\":\"center\",\"text_style\":\"lead\"}}]}]}],\"name\":\"Hero\"},{\"type\":\"section\",\"props\":{\"animation\":\"fade\",\"image_position\":\"center-center\",\"padding\":\"large\",\"padding_remove_bottom\":false,\"style\":\"default\",\"title_breakpoint\":\"xl\",\"title_position\":\"top-left\",\"title_rotation\":\"left\",\"vertical_align\":\"middle\",\"width\":\"large\"},\"children\":[{\"type\":\"row\",\"props\":{\"column_gap\":\"large\",\"layout\":\"1-3,2-3\"},\"children\":[{\"type\":\"column\",\"props\":{\"image_position\":\"center-center\",\"position_sticky_breakpoint\":\"m\",\"width_medium\":\"1-3\",\"width_xlarge\":\"1-4\"},\"children\":[{\"type\":\"headline\",\"props\":{\"content\":\"SPA, CENTRU DE RELAXARE\",\"margin_remove_bottom\":true,\"title_element\":\"h6\"}},{\"type\":\"headline\",\"props\":{\"content\":\"Hotel Caro Oradea\",\"margin_remove_top\":true,\"title_element\":\"h2\"}}]},{\"type\":\"column\",\"props\":{\"image_position\":\"center-center\",\"position_sticky_breakpoint\":\"m\",\"width_medium\":\"2-3\",\"width_xlarge\":\"3-4\"},\"children\":[{\"type\":\"text\",\"props\":{\"column_breakpoint\":\"m\",\"content\":\"Relaxarea ta e satisfac\\u021bia noastr\\u0103.\",\"margin\":\"default\",\"maxwidth\":\"2xlarge\",\"maxwidth_breakpoint\":\"l\",\"text_style\":\"lead\"}},{\"type\":\"text\",\"props\":{\"column_breakpoint\":\"m\",\"content\":\"\n\n<p>\\nRelaxarea ta e satisfac\\u021bia noastr\\u0103. Confortul pe care \\u021bi-l asigur\\u0103m \\u00een camer\\u0103 l-am completat cu accesul la facilit\\u0103\\u021bi menite s\\u0103-\\u021bi asigure starea de bine, fie c\\u0103 alegi s\\u0103 mergi la saun\\u0103, s\\u0103-\\u021bi \\u00eentre\\u021bii condi\\u021bia fizic\\u0103 \\u00een sala de sport sau s\\u0103 te la\\u0219i pe m\\u00e2na noastr\\u0103 \\u0219i s\\u0103 ui\\u021bi de orice griji \\u00een salonul de masaj.\\n<\\\/p>\",\"margin\":\"default\",\"maxwidth\":\"2xlarge\",\"maxwidth_breakpoint\":\"l\"}},{\"type\":\"list\",\"props\":{\"animation\":\"slide-bottom-small\",\"column\":\"1-3\",\"column_breakpoint\":\"m\",\"image_align\":\"left\",\"image_svg_color\":\"emphasis\",\"image_vertical_align\":true,\"list_element\":\"ul\",\"list_horizontal_separator\":\", \",\"list_type\":\"vertical\",\"margin\":\"medium\",\"maxwidth\":\"2xlarge\",\"maxwidth_breakpoint\":\"l\",\"show_image\":true,\"show_link\":true},\"children\":[{\"type\":\"list_item\",\"props\":{\"content\":\"saun\\u0103\",\"icon\":\"check\",\"icon_color\":\"primary\"}},{\"type\":\"list_item\",\"props\":{\"content\":\"sal\\u0103 de sport\",\"icon\":\"check\",\"icon_color\":\"primary\"}},{\"type\":\"list_item\",\"props\":{\"content\":\" masaj\",\"icon\":\"check\",\"icon_color\":\"primary\"}}]}]}]}],\"name\":\"About\"},{\"type\":\"section\",\"props\":{\"animation\":\"fade\",\"image_position\":\"center-center\",\"padding\":\"none\",\"padding_remove_bottom\":false,\"padding_remove_top\":false,\"style\":\"default\",\"title_breakpoint\":\"xl\",\"title_position\":\"top-left\",\"title_rotation\":\"left\",\"vertical_align\":\"middle\",\"width\":\"large\"},\"children\":[{\"type\":\"row\",\"children\":[{\"type\":\"column\",\"props\":{\"image_position\":\"center-center\",\"position_sticky_breakpoint\":\"m\"},\"children\":[{\"type\":\"grid\",\"props\":{\"animation\":\"none\",\"content_column_breakpoint\":\"m\",\"filter_align\":\"left\",\"filter_all\":true,\"filter_grid_breakpoint\":\"m\",\"filter_grid_width\":\"auto\",\"filter_position\":\"top\",\"filter_style\":\"tab\",\"grid_column_gap\":\"small\",\"grid_default\":\"1\",\"grid_medium\":\"\",\"grid_row_gap\":\"small\",\"grid_small\":\"2\",\"icon_width\":80,\"image_align\":\"top\",\"image_grid_breakpoint\":\"m\",\"image_grid_width\":\"1-2\",\"image_svg_color\":\"emphasis\",\"item_animation\":true,\"link_style\":\"default\",\"link_text\":\"Read more\",\"margin\":\"\",\"meta_align\":\"below-title\",\"meta_element\":\"div\",\"meta_style\":\"text-meta\",\"parallax_easing\":\"1\",\"show_content\":true,\"show_image\":true,\"show_link\":true,\"show_meta\":true,\"show_title\":true,\"title_align\":\"top\",\"title_element\":\"h3\",\"title_grid_breakpoint\":\"m\",\"title_grid_width\":\"1-2\",\"title_hover_style\":\"reset\"},\"children\":[{\"type\":\"grid_item\",\"props\":{\"image\":\"wp-content\\\/uploads\\\/2023\\\/08\\\/spa-03-08-2023.jpg\",\"image_alt\":\"Hotel Spa Caro Oradea\"}},{\"type\":\"grid_item\",\"props\":{\"image\":\"wp-content\\\/uploads\\\/2023\\\/08\\\/spa-01-08-2023.jpg\",\"image_alt\":\"Hotel Spa Caro Oradea\"}}]},{\"type\":\"image\",\"props\":{\"animation\":\"none\",\"class\":\"uk-grid-margin-small\",\"image\":\"wp-content\\\/uploads\\\/2023\\\/08\\\/spa-04-08-2023.jpg\",\"image_alt\":\"Hotel Spa Caro Oradea\",\"image_svg_color\":\"emphasis\",\"image_width\":\"1400\",\"margin\":\"\"}}]}],\"props\":{\"margin\":\"large\"}}],\"name\":\"Garden\"},{\"type\":\"section\",\"props\":{\"animation\":\"fade\",\"image_position\":\"center-center\",\"padding\":\"large\",\"style\":\"default\",\"title_breakpoint\":\"xl\",\"title_position\":\"top-left\",\"title_rotation\":\"left\",\"vertical_align\":\"middle\",\"width\":\"default\"},\"children\":[{\"type\":\"row\",\"props\":{\"column_gap\":\"large\",\"layout\":\"1-3,2-3\"},\"children\":[{\"type\":\"column\",\"props\":{\"image_position\":\"center-center\",\"position_sticky_breakpoint\":\"m\",\"width_medium\":\"1-3\"},\"children\":[{\"type\":\"headline\",\"props\":{\"animation\":\"slide-top-small\",\"content\":\"Sal\\u0103 de evenimente\",\"margin\":\"small\",\"title_color\":\"primary\",\"title_element\":\"div\",\"title_style\":\"h6\"}},{\"type\":\"headline\",\"props\":{\"content\":\"Hotel Caro Oradea\",\"margin_remove_top\":true,\"title_element\":\"h2\"}}]},{\"type\":\"column\",\"props\":{\"image_position\":\"center-center\",\"position_sticky_breakpoint\":\"m\",\"width_medium\":\"2-3\"},\"children\":[{\"type\":\"text\",\"props\":{\"column_breakpoint\":\"m\",\"content\":\"\n\n<p>Suntem gata s\\u0103 v\\u0103 oferim o solu\\u021bie personalizat\\u0103 pentru nevoile dumneavoastr\\u0103, indiferent dac\\u0103 dori\\u021bi s\\u0103 organiza\\u021bi un eveniment mic \\u0219i intim sau un eveniment mare \\u0219i complex. Contacta\\u021bi-ne ast\\u0103zi pentru a rezerva sala noastr\\u0103 de conferin\\u021be \\u0219i pentru a ne permite s\\u0103 v\\u0103 ajut\\u0103m s\\u0103 crea\\u021bi un eveniment memorabil pentru dumneavoastr\\u0103 \\u0219i pentru invita\\u021bii dvs.<\\\/p>\",\"margin\":\"default\",\"maxwidth\":\"2xlarge\",\"maxwidth_breakpoint\":\"l\"}},{\"type\":\"button\",\"props\":{\"animation\":\"slide-bottom-small\",\"grid_column_gap\":\"small\",\"grid_row_gap\":\"small\",\"margin\":\"medium\"},\"children\":[{\"type\":\"button_item\",\"props\":{\"button_style\":\"primary\",\"content\":\"Contacteaz\\u0103-ne\",\"icon_align\":\"left\",\"link\":\"\\\/contact\",\"link_title\":\"Sal\\u0103 de evenimente Oradea\"}}]}]}]}],\"name\":\"Call to Action\"},{\"type\":\"section\",\"props\":{\"image_position\":\"center-center\",\"padding\":\"none\",\"padding_remove_bottom\":false,\"style\":\"default\",\"title_breakpoint\":\"xl\",\"title_position\":\"top-left\",\"title_rotation\":\"left\",\"vertical_align\":\"middle\",\"width\":\"\"},\"children\":[{\"type\":\"row\",\"children\":[{\"type\":\"column\",\"props\":{\"image_position\":\"center-center\",\"position_sticky_breakpoint\":\"m\"},\"children\":[{\"type\":\"map\",\"props\":{\"content_margin\":\"small\",\"content_style\":\"text-meta\",\"controls\":true,\"dragging\":true,\"height\":\"500\",\"image_height\":\"150\",\"image_svg_color\":\"emphasis\",\"image_width\":\"270\",\"link_size\":\"small\",\"link_style\":\"primary\",\"link_text\":\"More information\",\"margin\":\"default\",\"marker_icon\":\"wp-content\\\/uploads\\\/icon-map-marker-accommodation.svg\",\"max_zoom\":18,\"meta_align\":\"above-title\",\"meta_color\":\"primary\",\"meta_element\":\"div\",\"meta_style\":\"h6\",\"min_zoom\":0,\"poi\":false,\"popup_max_width\":\"300\",\"show_content\":true,\"show_image\":true,\"show_link\":true,\"show_meta\":true,\"show_title\":true,\"title_element\":\"h3\",\"title_hover_style\":\"reset\",\"title_margin\":\"remove\",\"title_style\":\"h5\",\"type\":\"roadmap\",\"zoom\":\"15\",\"zooming\":false},\"children\":[{\"type\":\"map_item\",\"props\":{\"content\":\"<a href=\\\"\\\">Sal\\u0103 de conferin\\u021be<\\\/a>, <a href=\\\"\\\/contact\\\">contact<\\\/a>\",\"image\":\"wp-content\\\/uploads\\\/2023\\\/04\\\/sala-de-conferinta-1400-900-01.jpg\",\"image_alt\":\"Sal\\u0103 de conferin\\u021b\\u0103 Oradea\",\"link\":\"\\\/contact\",\"link_text\":\"Contact\",\"location\":\"47.0521,21.9281\",\"meta\":\"<a href=\\\"\\\" >Oradea<\\\/a>\",\"title\":\"Hotel Caro \"}}]}]}]}],\"name\":\"Map\"}],\"version\":\"4.0.8\",\"yooessentialsVersion\":\"2.0.12\"} --><\/p>\n","protected":false},"excerpt":{"rendered":"<p>centru de relaxare &#8211; sal\u0103 de sport, saun\u0103, masaj. SPA, CENTRU DE RELAXARE Hotel Caro Oradea Relaxarea ta e satisfac\u021bia noastr\u0103. Relaxarea ta e satisfac\u021bia noastr\u0103. Confortul pe care \u021bi-l asigur\u0103m \u00een camer\u0103 l-am completat cu accesul la facilit\u0103\u021bi menite s\u0103-\u021bi asigure starea de bine, fie c\u0103 alegi s\u0103 mergi la saun\u0103, s\u0103-\u021bi \u00eentre\u021bii condi\u021bia [&hellip;]<\/p>\n","protected":false},"author":1,"featured_media":0,"parent":0,"menu_order":0,"comment_status":"closed","ping_status":"closed","template":"","meta":{"footnotes":""},"class_list":["post-46","page","type-page","status-publish","hentry"],"aioseo_notices":[],"_links":{"self":[{"href":"https:\/\/caro-oradea.ro\/hu\/wp-json\/wp\/v2\/pages\/46","targetHints":{"allow":["GET"]}}],"collection":[{"href":"https:\/\/caro-oradea.ro\/hu\/wp-json\/wp\/v2\/pages"}],"about":[{"href":"https:\/\/caro-oradea.ro\/hu\/wp-json\/wp\/v2\/types\/page"}],"author":[{"embeddable":true,"href":"https:\/\/caro-oradea.ro\/hu\/wp-json\/wp\/v2\/users\/1"}],"replies":[{"embeddable":true,"href":"https:\/\/caro-oradea.ro\/hu\/wp-json\/wp\/v2\/comments?post=46"}],"version-history":[{"count":3,"href":"https:\/\/caro-oradea.ro\/hu\/wp-json\/wp\/v2\/pages\/46\/revisions"}],"predecessor-version":[{"id":1221,"href":"https:\/\/caro-oradea.ro\/hu\/wp-json\/wp\/v2\/pages\/46\/revisions\/1221"}],"wp:attachment":[{"href":"https:\/\/caro-oradea.ro\/hu\/wp-json\/wp\/v2\/media?parent=46"}],"curies":[{"name":"munkaf\u00fczet","href":"https:\/\/api.w.org\/{rel}","templated":true}]}}