{"id":42,"date":"2023-03-22T13:38:02","date_gmt":"2023-03-22T13:38:02","guid":{"rendered":"https:\/\/caro-oradea.ro\/?page_id=42"},"modified":"2023-08-07T14:11:21","modified_gmt":"2023-08-07T14:11:21","slug":"terasa","status":"publish","type":"page","link":"https:\/\/caro-oradea.ro\/hu\/terasa\/","title":{"rendered":"terasz"},"content":{"rendered":"<div>Situat\u0103 \u00een inima centrului istoric al ora\u0219ului, terasa hotelului nostru este un loc perfect pentru a te relaxa \u0219i a te bucura de o priveli\u0219tea deosebit\u0103.<\/div>\n<h2>Hotel Caro Oradea<\/h2>\n<div>Fie c\u0103 vrei s\u0103 te odihne\u0219ti dup\u0103 o zi lung\u0103 de vizite sau s\u0103 petreci o sear\u0103 romantic\u0103 cu persoana iubit\u0103, tersa hotelului nostru este locul ideal pentru tine.<\/div>\n<div>\n<p>De pe tersa noastr\u0103 vei putea admira frumuse\u021bea ora\u0219ului, cu cl\u0103dirile istorice \u0219i atmosfera romantic\u0103 care se resimte \u00een fiecare col\u021b. \u00cen plus, terasa este locul perfect pentru a savura micul dejun sau pentru a lua o cafea \u00een timp ce \u00ee\u021bi planifici urm\u0103toarele activit\u0103\u021bi.<\/p>\n<p>Indiferent dac\u0103 e\u0219ti \u00een ora\u0219 \u00een interes de afaceri sau pur \u0219i simplu pentru a-\u021bi petrece timpul liber, terasa hotelului nostru \u00ee\u021bi va oferi o experien\u021b\u0103 memorabil\u0103. Vino s\u0103 te bucuri de priveli\u0219tea deosebit\u0103 \u0219i de confortul oferit \u0219i nu vei regreta alegerea f\u0103cut\u0103.\n<\/p>\n<\/div>\n<p><img decoding=\"async\" src=\"\/wp-content\/uploads\/2023\/05\/terasa-02.jpg\" alt=\"Hotel Caro Terasa\"><\/p>\n<ul>\n<li>\n<p>        <img decoding=\"async\" src=\"\/wp-content\/uploads\/2023\/08\/terasa-01-08-2023.jpg\" alt=\"Terasa Hotel Caro Oradea\"><\/p>\n<\/li>\n<li>\n<p>        <img decoding=\"async\" src=\"\/wp-content\/uploads\/2023\/08\/terasa-02-08-2023.jpg\" alt=\"Terasa Hotel Caro Oradea\"><\/p>\n<\/li>\n<li>\n<p>        <img decoding=\"async\" src=\"\/wp-content\/uploads\/2023\/08\/terasa-03-08-2023.jpg\" alt=\"Terasa Hotel Caro Oradea\"><\/p>\n<\/li>\n<li>\n<p>        <img decoding=\"async\" src=\"\/wp-content\/uploads\/2023\/08\/terasa-04-08-2023.jpg\" alt=\"Terasa Hotel Caro Oradea\"><\/p>\n<\/li>\n<li>\n<p>        <img decoding=\"async\" src=\"\/wp-content\/uploads\/2023\/08\/terasa-05-08-2023.jpg\" alt=\"Terasa Hotel Caro Oradea\"><\/p>\n<\/li>\n<\/ul>\n<div>Sal\u0103 de evenimente<\/div>\n<h2>Hotel Caro Oradea<\/h2>\n<div>\n<p>Suntem gata s\u0103 v\u0103 oferim o solu\u021bie personalizat\u0103 pentru nevoile dumneavoastr\u0103, indiferent dac\u0103 dori\u021bi s\u0103 organiza\u021bi un eveniment mic \u0219i intim sau un eveniment mare \u0219i complex. Contacta\u021bi-ne ast\u0103zi pentru a rezerva sala noastr\u0103 de conferin\u021be \u0219i pentru a ne permite s\u0103 v\u0103 ajut\u0103m s\u0103 crea\u021bi un eveniment memorabil pentru dumneavoastr\u0103 \u0219i pentru invita\u021bii dvs.<\/p>\n<\/div>\n<p>\n    <a href=\"\/contact\">Contacteaz\u0103-ne<\/a>\n<\/p>\n<div>\n<p>47.0521,21.9281<\/p>\n<p><img decoding=\"async\" src=\"\/wp-content\/uploads\/2023\/04\/sala-de-conferinta-1400-900-01.jpg\" alt=\"Sal\u0103 de conferin\u021b\u0103 Oradea\"><\/p>\n<h3>Hotel Caro <\/h3>\n<p><a href=\"\" >Oradea<\/a><\/p>\n<div><a href=\"\">Sal\u0103 de conferin\u021be<\/a>, <a href=\"\/contact\">contact<\/a><\/div>\n<p><a href=\"\/contact\">Contact<\/a><\/p>\n<\/div>\n<p><!--more--><br \/>\n<!-- {\"type\":\"layout\",\"children\":[{\"type\":\"section\",\"props\":{\"animation\":\"fade\",\"css\":\"@media (max-width: 959px){\\n    \\n    .el-section > div {\\n        min-height: 450px !important;\\n    }\\n\\n}\\n\\n@media (max-width: 639px){\\n    \\n    .el-section > div {\\n        min-height: 240px !important;\\n    }\\n\\n}\",\"header_transparent\":\"light\",\"image\":\"wp-content\\\/uploads\\\/2023\\\/04\\\/terasa-2560-1440-01.jpg\",\"image_position\":\"center-center\",\"image_size\":\"cover\",\"image_width\":\"2560\",\"media_overlay\":\"rgba(0, 0, 0, 0.45)\",\"padding\":\"xlarge\",\"style\":\"default\",\"title_breakpoint\":\"xl\",\"title_position\":\"top-left\",\"title_rotation\":\"left\",\"vertical_align\":\"middle\",\"width\":\"\"},\"children\":[{\"type\":\"row\",\"children\":[{\"type\":\"column\",\"props\":{\"image_position\":\"center-center\",\"position_sticky_breakpoint\":\"m\",\"text_color\":\"light\",\"vertical_align\":\"middle\"},\"children\":[{\"type\":\"headline\",\"props\":{\"margin_remove_bottom\":true,\"text_align\":\"center\",\"title_element\":\"h1\",\"title_style\":\"heading-medium\"},\"source\":{\"query\":{\"name\":\"pages.singlePage\"},\"props\":{\"content\":{\"filters\":{\"search\":\"\"},\"name\":\"title\"}}}},{\"type\":\"text\",\"props\":{\"block_align\":\"center\",\"column_breakpoint\":\"m\",\"content\":\"Situat\\u0103 \\u00een inima centrului istoric al ora\\u0219ului, terasa hotelului nostru este un loc perfect pentru a te relaxa \\u0219i a te bucura de o priveli\\u0219tea deosebit\\u0103.\",\"margin\":\"default\",\"margin_remove_top\":true,\"maxwidth\":\"2xlarge\",\"text_align\":\"center\",\"text_style\":\"lead\"}}]}]}],\"name\":\"Hero\"},{\"type\":\"section\",\"props\":{\"animation\":\"fade\",\"image_position\":\"center-center\",\"padding\":\"large\",\"padding_remove_bottom\":false,\"style\":\"default\",\"title_breakpoint\":\"xl\",\"title_position\":\"top-left\",\"title_rotation\":\"left\",\"vertical_align\":\"middle\",\"width\":\"large\"},\"children\":[{\"type\":\"row\",\"props\":{\"column_gap\":\"large\",\"layout\":\"1-3,2-3\"},\"children\":[{\"type\":\"column\",\"props\":{\"image_position\":\"center-center\",\"position_sticky_breakpoint\":\"m\",\"width_medium\":\"1-3\",\"width_xlarge\":\"1-4\"},\"children\":[{\"type\":\"headline\",\"props\":{\"margin_remove_bottom\":true,\"title_element\":\"h6\"},\"source\":{\"query\":{\"name\":\"pages.singlePage\"},\"props\":{\"content\":{\"filters\":{\"search\":\"\"},\"name\":\"title\"}}}},{\"type\":\"headline\",\"props\":{\"content\":\"Hotel Caro Oradea\",\"margin_remove_top\":true,\"title_element\":\"h2\"}}]},{\"type\":\"column\",\"props\":{\"image_position\":\"center-center\",\"position_sticky_breakpoint\":\"m\",\"width_medium\":\"2-3\",\"width_xlarge\":\"3-4\"},\"children\":[{\"type\":\"text\",\"props\":{\"column_breakpoint\":\"m\",\"content\":\"Fie c\\u0103 vrei s\\u0103 te odihne\\u0219ti dup\\u0103 o zi lung\\u0103 de vizite sau s\\u0103 petreci o sear\\u0103 romantic\\u0103 cu persoana iubit\\u0103, tersa hotelului nostru este locul ideal pentru tine.\",\"margin\":\"default\",\"maxwidth\":\"2xlarge\",\"maxwidth_breakpoint\":\"l\",\"text_style\":\"lead\"}},{\"type\":\"text\",\"props\":{\"column_breakpoint\":\"m\",\"content\":\"\n\n<p>De pe tersa noastr\\u0103 vei putea admira frumuse\\u021bea ora\\u0219ului, cu cl\\u0103dirile istorice \\u0219i atmosfera romantic\\u0103 care se resimte \\u00een fiecare col\\u021b. \\u00cen plus, terasa este locul perfect pentru a savura micul dejun sau pentru a lua o cafea \\u00een timp ce \\u00ee\\u021bi planifici urm\\u0103toarele activit\\u0103\\u021bi.\\n\n\n\\nIndiferent dac\\u0103 e\\u0219ti \\u00een ora\\u0219 \\u00een interes de afaceri sau pur \\u0219i simplu pentru a-\\u021bi petrece timpul liber, terasa hotelului nostru \\u00ee\\u021bi va oferi o experien\\u021b\\u0103 memorabil\\u0103. Vino s\\u0103 te bucuri de priveli\\u0219tea deosebit\\u0103 \\u0219i de confortul oferit \\u0219i nu vei regreta alegerea f\\u0103cut\\u0103.\\n<\\\/p>\",\"margin\":\"default\",\"maxwidth\":\"2xlarge\",\"maxwidth_breakpoint\":\"l\"}},{\"type\":\"list\",\"props\":{\"animation\":\"slide-bottom-small\",\"column\":\"1-3\",\"column_breakpoint\":\"m\",\"image_align\":\"left\",\"image_svg_color\":\"emphasis\",\"image_vertical_align\":true,\"list_element\":\"ul\",\"list_horizontal_separator\":\", \",\"list_type\":\"vertical\",\"margin\":\"medium\",\"maxwidth\":\"2xlarge\",\"maxwidth_breakpoint\":\"l\",\"show_image\":true,\"show_link\":true,\"status\":\"disabled\"},\"children\":[{\"type\":\"list_item\",\"props\":{\"content\":\" sistem de sunet \\u0219i proiec\\u021bie\",\"icon\":\"check\",\"icon_color\":\"primary\"}},{\"type\":\"list_item\",\"props\":{\"content\":\"conexiune Wi-Fi\",\"icon\":\"check\",\"icon_color\":\"primary\"}},{\"type\":\"list_item\",\"props\":{\"content\":\"mobilier modular\",\"icon\":\"check\",\"icon_color\":\"primary\"}},{\"type\":\"list_item\",\"props\":{\"content\":\"parcare\",\"icon\":\"check\",\"icon_color\":\"primary\"}},{\"type\":\"list_item\",\"props\":{\"content\":\"personal dedicat\",\"icon\":\"check\",\"icon_color\":\"primary\"}}]}]}]}],\"name\":\"About\"},{\"type\":\"section\",\"props\":{\"animation\":\"fade\",\"image_position\":\"center-center\",\"padding\":\"none\",\"padding_remove_bottom\":false,\"padding_remove_top\":false,\"style\":\"default\",\"title_breakpoint\":\"xl\",\"title_position\":\"top-left\",\"title_rotation\":\"left\",\"vertical_align\":\"middle\",\"width\":\"large\"},\"children\":[{\"type\":\"row\",\"children\":[{\"type\":\"column\",\"props\":{\"image_position\":\"center-center\",\"position_sticky_breakpoint\":\"m\"},\"children\":[{\"type\":\"image\",\"props\":{\"animation\":\"none\",\"class\":\"uk-grid-margin-small\",\"image\":\"wp-content\\\/uploads\\\/2023\\\/05\\\/terasa-02.jpg\",\"image_alt\":\"Hotel Caro Terasa\",\"image_svg_color\":\"emphasis\",\"image_width\":\"1400\",\"margin\":\"\"}},{\"type\":\"gallery\",\"props\":{\"content_display\":\"lightbox\",\"filter_align\":\"left\",\"filter_all\":true,\"filter_grid_breakpoint\":\"m\",\"filter_grid_width\":\"auto\",\"filter_position\":\"top\",\"filter_style\":\"tab\",\"grid_column_gap\":\"small\",\"grid_default\":\"2\",\"grid_medium\":\"5\",\"grid_row_gap\":\"small\",\"image_border\":\"rounded\",\"item_animation\":true,\"lightbox\":true,\"link_style\":\"default\",\"link_text\":\"\",\"margin\":\"default\",\"meta_align\":\"below-title\",\"meta_element\":\"div\",\"meta_style\":\"text-meta\",\"overlay_hover\":false,\"overlay_link\":true,\"overlay_mode\":\"cover\",\"overlay_position\":\"center\",\"overlay_style\":\"\",\"overlay_transition\":\"fade\",\"show_content\":true,\"show_hover_image\":true,\"show_link\":true,\"show_meta\":true,\"show_title\":true,\"text_align\":\"center\",\"text_color\":\"\",\"title_display\":\"lightbox\",\"title_element\":\"h3\",\"title_hover_style\":\"reset\"},\"children\":[{\"type\":\"gallery_item\",\"props\":{\"image\":\"wp-content\\\/uploads\\\/2023\\\/08\\\/terasa-01-08-2023.jpg\",\"image_alt\":\"Terasa Hotel Caro Oradea\"}},{\"type\":\"gallery_item\",\"props\":{\"image\":\"wp-content\\\/uploads\\\/2023\\\/08\\\/terasa-02-08-2023.jpg\",\"image_alt\":\"Terasa Hotel Caro Oradea\"}},{\"type\":\"gallery_item\",\"props\":{\"image\":\"wp-content\\\/uploads\\\/2023\\\/08\\\/terasa-03-08-2023.jpg\",\"image_alt\":\"Terasa Hotel Caro Oradea\"}},{\"type\":\"gallery_item\",\"props\":{\"image\":\"wp-content\\\/uploads\\\/2023\\\/08\\\/terasa-04-08-2023.jpg\",\"image_alt\":\"Terasa Hotel Caro Oradea\"}},{\"type\":\"gallery_item\",\"props\":{\"image\":\"wp-content\\\/uploads\\\/2023\\\/08\\\/terasa-05-08-2023.jpg\",\"image_alt\":\"Terasa Hotel Caro Oradea\"}}]}]}],\"props\":{\"margin\":\"large\"}}],\"name\":\"Garden\"},{\"type\":\"section\",\"props\":{\"animation\":\"fade\",\"image_position\":\"center-center\",\"padding\":\"large\",\"style\":\"default\",\"title_breakpoint\":\"xl\",\"title_position\":\"top-left\",\"title_rotation\":\"left\",\"vertical_align\":\"middle\",\"width\":\"default\"},\"children\":[{\"type\":\"row\",\"props\":{\"column_gap\":\"large\",\"layout\":\"1-3,2-3\"},\"children\":[{\"type\":\"column\",\"props\":{\"image_position\":\"center-center\",\"position_sticky_breakpoint\":\"m\",\"width_medium\":\"1-3\"},\"children\":[{\"type\":\"headline\",\"props\":{\"animation\":\"slide-top-small\",\"content\":\"Sal\\u0103 de evenimente\",\"margin\":\"small\",\"title_color\":\"primary\",\"title_element\":\"div\",\"title_style\":\"h6\"}},{\"type\":\"headline\",\"props\":{\"content\":\"Hotel Caro Oradea\",\"margin_remove_top\":true,\"title_element\":\"h2\"}}]},{\"type\":\"column\",\"props\":{\"image_position\":\"center-center\",\"position_sticky_breakpoint\":\"m\",\"width_medium\":\"2-3\"},\"children\":[{\"type\":\"text\",\"props\":{\"column_breakpoint\":\"m\",\"content\":\"\n\n<p>Suntem gata s\\u0103 v\\u0103 oferim o solu\\u021bie personalizat\\u0103 pentru nevoile dumneavoastr\\u0103, indiferent dac\\u0103 dori\\u021bi s\\u0103 organiza\\u021bi un eveniment mic \\u0219i intim sau un eveniment mare \\u0219i complex. Contacta\\u021bi-ne ast\\u0103zi pentru a rezerva sala noastr\\u0103 de conferin\\u021be \\u0219i pentru a ne permite s\\u0103 v\\u0103 ajut\\u0103m s\\u0103 crea\\u021bi un eveniment memorabil pentru dumneavoastr\\u0103 \\u0219i pentru invita\\u021bii dvs.<\\\/p>\",\"margin\":\"default\",\"maxwidth\":\"2xlarge\",\"maxwidth_breakpoint\":\"l\"}},{\"type\":\"button\",\"props\":{\"animation\":\"slide-bottom-small\",\"grid_column_gap\":\"small\",\"grid_row_gap\":\"small\",\"margin\":\"medium\"},\"children\":[{\"type\":\"button_item\",\"props\":{\"button_style\":\"primary\",\"content\":\"Contacteaz\\u0103-ne\",\"icon_align\":\"left\",\"link\":\"\\\/contact\",\"link_title\":\"Sal\\u0103 de evenimente Oradea\"}}]}]}]}],\"name\":\"Call to Action\"},{\"type\":\"section\",\"props\":{\"image_position\":\"center-center\",\"padding\":\"none\",\"padding_remove_bottom\":false,\"style\":\"default\",\"title_breakpoint\":\"xl\",\"title_position\":\"top-left\",\"title_rotation\":\"left\",\"vertical_align\":\"middle\",\"width\":\"\"},\"children\":[{\"type\":\"row\",\"children\":[{\"type\":\"column\",\"props\":{\"image_position\":\"center-center\",\"position_sticky_breakpoint\":\"m\"},\"children\":[{\"type\":\"map\",\"props\":{\"content_margin\":\"small\",\"content_style\":\"text-meta\",\"controls\":true,\"dragging\":true,\"height\":\"500\",\"image_height\":\"150\",\"image_svg_color\":\"emphasis\",\"image_width\":\"270\",\"link_size\":\"small\",\"link_style\":\"primary\",\"link_text\":\"More information\",\"margin\":\"default\",\"marker_icon\":\"wp-content\\\/uploads\\\/icon-map-marker-accommodation.svg\",\"max_zoom\":18,\"meta_align\":\"above-title\",\"meta_color\":\"primary\",\"meta_element\":\"div\",\"meta_style\":\"h6\",\"min_zoom\":0,\"poi\":false,\"popup_max_width\":\"300\",\"show_content\":true,\"show_image\":true,\"show_link\":true,\"show_meta\":true,\"show_title\":true,\"title_element\":\"h3\",\"title_hover_style\":\"reset\",\"title_margin\":\"remove\",\"title_style\":\"h5\",\"type\":\"roadmap\",\"zoom\":\"15\",\"zooming\":false},\"children\":[{\"type\":\"map_item\",\"props\":{\"content\":\"<a href=\\\"\\\">Sal\\u0103 de conferin\\u021be<\\\/a>, <a href=\\\"\\\/contact\\\">contact<\\\/a>\",\"image\":\"wp-content\\\/uploads\\\/2023\\\/04\\\/sala-de-conferinta-1400-900-01.jpg\",\"image_alt\":\"Sal\\u0103 de conferin\\u021b\\u0103 Oradea\",\"link\":\"\\\/contact\",\"link_text\":\"Contact\",\"location\":\"47.0521,21.9281\",\"meta\":\"<a href=\\\"\\\" >Oradea<\\\/a>\",\"title\":\"Hotel Caro \"}}]}]}]}],\"name\":\"Map\"}],\"version\":\"4.0.8\",\"yooessentialsVersion\":\"2.0.12\"} --><\/p>\n","protected":false},"excerpt":{"rendered":"<p>Situat\u0103 \u00een inima centrului istoric al ora\u0219ului, terasa hotelului nostru este un loc perfect pentru a te relaxa \u0219i a te bucura de o priveli\u0219tea deosebit\u0103. Hotel Caro Oradea Fie c\u0103 vrei s\u0103 te odihne\u0219ti dup\u0103 o zi lung\u0103 de vizite sau s\u0103 petreci o sear\u0103 romantic\u0103 cu persoana iubit\u0103, tersa hotelului nostru este locul [&hellip;]<\/p>\n","protected":false},"author":1,"featured_media":0,"parent":0,"menu_order":0,"comment_status":"closed","ping_status":"closed","template":"","meta":{"footnotes":""},"class_list":["post-42","page","type-page","status-publish","hentry"],"aioseo_notices":[],"_links":{"self":[{"href":"https:\/\/caro-oradea.ro\/hu\/wp-json\/wp\/v2\/pages\/42","targetHints":{"allow":["GET"]}}],"collection":[{"href":"https:\/\/caro-oradea.ro\/hu\/wp-json\/wp\/v2\/pages"}],"about":[{"href":"https:\/\/caro-oradea.ro\/hu\/wp-json\/wp\/v2\/types\/page"}],"author":[{"embeddable":true,"href":"https:\/\/caro-oradea.ro\/hu\/wp-json\/wp\/v2\/users\/1"}],"replies":[{"embeddable":true,"href":"https:\/\/caro-oradea.ro\/hu\/wp-json\/wp\/v2\/comments?post=42"}],"version-history":[{"count":3,"href":"https:\/\/caro-oradea.ro\/hu\/wp-json\/wp\/v2\/pages\/42\/revisions"}],"predecessor-version":[{"id":1180,"href":"https:\/\/caro-oradea.ro\/hu\/wp-json\/wp\/v2\/pages\/42\/revisions\/1180"}],"wp:attachment":[{"href":"https:\/\/caro-oradea.ro\/hu\/wp-json\/wp\/v2\/media?parent=42"}],"curies":[{"name":"munkaf\u00fczet","href":"https:\/\/api.w.org\/{rel}","templated":true}]}}