{"id":1362,"date":"2024-02-06T16:38:40","date_gmt":"2024-02-06T16:38:40","guid":{"rendered":"https:\/\/caro-oradea.ro\/?page_id=1362"},"modified":"2024-02-09T15:06:04","modified_gmt":"2024-02-09T15:06:04","slug":"politica-de-anulare-retur-a-hotelului-caro-oradea","status":"publish","type":"page","link":"https:\/\/caro-oradea.ro\/hu\/politica-de-anulare-retur-a-hotelului-caro-oradea\/","title":{"rendered":"Caro Oradea Hotel lemond\u00e1si\/visszak\u00fcld\u00e9si felt\u00e9telei"},"content":{"rendered":"<p><strong>Ingyenes visszavon\u00e1s:<br><\/strong>A foglal\u00e1s lemond\u00e1sa a bejelentkez\u00e9st megel\u0151z\u0151 napon 15:00 \u00f3r\u00e1ig ingyenes. A k\u00e9s\u0151bbi lemond\u00e1sokra a sz\u00e1lloda lemond\u00e1si szab\u00e1lyzat\u00e1ban meghat\u00e1rozott felt\u00e9telek vonatkoznak.<\/p>\n\n\n\n<p><strong>Fizetett foglal\u00e1sok:<br><\/strong>Fizetett foglal\u00e1sok eset\u00e9n a visszak\u00fcld\u00e9si szab\u00e1lyzat szerint lemondhat\u00f3, felt\u00e9ve, hogy az a tervezett bejelentkez\u00e9si id\u0151 el\u0151tt legal\u00e1bb 24 \u00f3r\u00e1val t\u00f6rt\u00e9nik.<\/p>\n\n\n\n<p><strong>P\u00e9nz visszat\u00e9r\u00edt\u00e9s:<br><\/strong>A kifizetett foglal\u00e1s szab\u00e1lyszer\u0171 lemond\u00e1sa eset\u00e9n a visszat\u00e9r\u00edt\u00e9s kiz\u00e1r\u00f3lag arra a sz\u00e1ml\u00e1ra t\u00f6rt\u00e9nik, amelyr\u0151l az els\u0151 fizet\u00e9s t\u00f6rt\u00e9nt.<\/p>\n\n\n\n<p><strong>T\u00f6rleszt\u00e9si id\u0151szak:<br><\/strong>A visszat\u00e9r\u00edt\u00e9s feldolgoz\u00e1sa a lemond\u00e1st\u00f3l sz\u00e1m\u00edtott 14 napt\u00e1ri napon bel\u00fcl megt\u00f6rt\u00e9nik. A Hotel Caro fenntartja a jogot, hogy ezt a hat\u00e1rid\u0151t rendk\u00edv\u00fcli k\u00f6r\u00fclm\u00e9nyeknek megfelel\u0151en m\u00f3dos\u00edtsa, az \u00fcgyf\u00e9l el\u0151zetes t\u00e1j\u00e9koztat\u00e1sa mellett.<\/p>\n\n\n\n<p><strong>Kapcsolatba l\u00e9pni:<br><\/strong>A lemond\u00e1si felt\u00e9telekkel kapcsolatos b\u00e1rmilyen k\u00e9rd\u00e9se vagy pontos\u00edt\u00e1sa eset\u00e9n k\u00e9rj\u00fck, forduljon az al\u00e1bbi e-mail c\u00edmre: <a href=\"mailto:contact@caro-oradea.ro\" target=\"_blank\" rel=\"noopener\" title=\"\">contact@caro-oradea.ro<\/a><\/p>\n\n\n\n<p>CRISTESIM SRL \u2013 CUI RO16272923 | J05\/541\/2004<br><strong>Munkahely c\u00edme:<\/strong> Mihail Kog\u0103lniceanu utca, sz. 21\/A, Nagyv\u00e1rad-Bihar, Rom\u00e1nia<br><strong>Szoci\u00e1lis k\u00f6zpont:<\/strong> Cuza Vod\u0103 utca, sz. 22, Nagyv\u00e1rad-Bihar, Rom\u00e1nia<\/p>\n\n\n\n<p>IBAN k\u00f3d: RO09BACX0000003018338000<br>UniCredit Tiriac Bank<\/p>","protected":false},"excerpt":{"rendered":"<p>Anulare Gratuit\u0103:Anularea rezerv\u0103rilor este gratuit\u0103 p\u00e2n\u0103 \u00een ziua anterioar\u0103 datei de check-in, p\u00e2n\u0103 la ora 15:00. Orice anulare ulterioar\u0103 va fi supus\u0103 condi\u021biilor stabilite \u00een politica de anulare a hotelului. Rezerv\u0103ri Achitate:\u00cen cazul rezerv\u0103rilor achitate, acestea pot fi anulate conform politicii de retur, cu condi\u021bia s\u0103 fie efectuate cu cel pu\u021bin 24 de ore \u00eenainte [&hellip;]<\/p>\n","protected":false},"author":1,"featured_media":0,"parent":0,"menu_order":0,"comment_status":"closed","ping_status":"closed","template":"","meta":{"footnotes":""},"class_list":["post-1362","page","type-page","status-publish","hentry"],"aioseo_notices":[],"_links":{"self":[{"href":"https:\/\/caro-oradea.ro\/hu\/wp-json\/wp\/v2\/pages\/1362","targetHints":{"allow":["GET"]}}],"collection":[{"href":"https:\/\/caro-oradea.ro\/hu\/wp-json\/wp\/v2\/pages"}],"about":[{"href":"https:\/\/caro-oradea.ro\/hu\/wp-json\/wp\/v2\/types\/page"}],"author":[{"embeddable":true,"href":"https:\/\/caro-oradea.ro\/hu\/wp-json\/wp\/v2\/users\/1"}],"replies":[{"embeddable":true,"href":"https:\/\/caro-oradea.ro\/hu\/wp-json\/wp\/v2\/comments?post=1362"}],"version-history":[{"count":3,"href":"https:\/\/caro-oradea.ro\/hu\/wp-json\/wp\/v2\/pages\/1362\/revisions"}],"predecessor-version":[{"id":1374,"href":"https:\/\/caro-oradea.ro\/hu\/wp-json\/wp\/v2\/pages\/1362\/revisions\/1374"}],"wp:attachment":[{"href":"https:\/\/caro-oradea.ro\/hu\/wp-json\/wp\/v2\/media?parent=1362"}],"curies":[{"name":"munkaf\u00fczet","href":"https:\/\/api.w.org\/{rel}","templated":true}]}}