{"id":1349,"date":"2024-02-06T09:52:19","date_gmt":"2024-02-06T09:52:19","guid":{"rendered":"https:\/\/caro-oradea.ro\/?page_id=1349"},"modified":"2024-02-06T09:52:19","modified_gmt":"2024-02-06T09:52:19","slug":"regulament-de-ordine-interioara","status":"publish","type":"page","link":"https:\/\/caro-oradea.ro\/hu\/regulament-de-ordine-interioara\/","title":{"rendered":"BELS\u0150 MEGRENDEL\u00c9SEK SZAB\u00c1LYOZ\u00c1SA"},"content":{"rendered":"<p>Az el\u0151\u00edr\u00e1s minden, a sz\u00e1llod\u00e1ba bel\u00e9p\u0151 turist\u00e1ra vonatkozik, \u00e9s azt korl\u00e1tok \u00e9s fenntart\u00e1sok n\u00e9lk\u00fcl be kell tartania. A foglal\u00e1s a jelen szab\u00e1lyzat elfogad\u00e1s\u00e1t jelenti.<\/p>\n\n\n\n<p>&nbsp;H\u00e1zigazdak\u00e9nt azt szeretn\u00e9nk, hogy kellemes id\u0151t\u00f6lt\u00e9sben legyen r\u00e9sze a CARO BOUTIQUE HOTEL&amp;RESTAURANT-ban, biztos\u00edtva \u00d6nt arr\u00f3l, hogy t\u00f6reksz\u00fcnk arra, hogy a k\u00edn\u00e1lt szolg\u00e1ltat\u00e1sok megfeleljenek az \u00d6n ig\u00e9nyeinek. Annak \u00e9rdek\u00e9ben, hogy ezeket a c\u00e9lokat teljes\u00edteni tudja, \u00fagy, hogy minden alkalommal \u00f6r\u00f6mmel t\u00e9rjen vissza hozz\u00e1nk, k\u00e9rj\u00fck, tartsa be az al\u00e1bbi bels\u0151 rendszab\u00e1lyokat:&nbsp;<\/p>\n\n\n\n<p>\u25cf Turista minden olyan szem\u00e9ly, aki a CARO BOUTIQUE HOTEL&amp;RESTAURANT \u00e1ltal ny\u00fajtott b\u00e1rmely szolg\u00e1ltat\u00e1sb\u00f3l r\u00e9szes\u00fcl&nbsp;<\/p>\n\n\n\n<p>\u25cf Az elsz\u00e1ll\u00e1sol\u00e1s a recepci\u00f3n t\u00f6rt\u00e9nik, a vend\u00e9geknek sz\u00e1nt elektronikus regisztr\u00e1ci\u00f3hoz a szem\u00e9lyazonos\u00edt\u00f3 okm\u00e1ny bemutat\u00e1s\u00e1val, az \u00f6sszes jogszab\u00e1ly szerinti okm\u00e1ny kit\u00f6lt\u00e9s\u00e9vel, a lefoglalt szob\u00e1hoz kapcsol\u00f3d\u00f3 kulcs\/bel\u00e9p\u0151k\u00e1rtya kiad\u00e1sa \u00e9rdek\u00e9ben;&nbsp;<\/p>\n\n\n\n<p>\u25cf A bejelentkez\u00e9s \u00e1ltal\u00e1ban 15:00-kor kezd\u0151dik, a szoba kijelentkez\u00e9se pedig 12:00-kor t\u00f6rt\u00e9nik.<\/p>\n\n\n\n<p>\u25cf A sz\u00e1ll\u00e1sk\u00f6lts\u00e9g kifizet\u00e9se legk\u00e9s\u0151bb \u00e9rkez\u00e9skor, a recepci\u00f3n t\u00f6rt\u00e9nik. A kulcs\/k\u00e1rtya recepci\u00f3r\u00f3l t\u00f6rt\u00e9n\u0151 \u00e1tv\u00e9tel\u00e9t\u0151l annak kiad\u00e1s\u00e1ig a turista felel\u0151s a lefoglalt szob\u00e1\u00e9rt;&nbsp;<\/p>\n\n\n\n<p>\u25cf A l\u00e1togat\u00f3kat a recepci\u00f3n \u00e9rtes\u00edteni kell, legk\u00e9s\u0151bb aznap 23:00 \u00f3r\u00e1ig el kell hagyniuk a sz\u00e1llod\u00e1t. Ha nem hagyj\u00e1k el a sz\u00e1llod\u00e1t, a sz\u00e1ll\u00e1sd\u00edj felsz\u00e1m\u00edt\u00e1sra ker\u00fcl.<\/p>\n\n\n\n<p>\u25cf A reggeli \u00f3r\u00e1k k\u00f6z\u00f6tt: 7.30 \u2013 10.00; ez a menetrend m\u00f3dos\u00edthat\u00f3, amennyiben a recepci\u00f3n el\u0151zetesen \u00e9rtes\u00edti a turist\u00e1t!&nbsp;<\/p>\n\n\n\n<p>\u25cf K\u00e9rj\u00fck, ne haszn\u00e1lja a t\u00f6r\u00f6lk\u00f6z\u0151ket: festett haj t\u00f6rl\u00e9s\u00e9re, smink elt\u00e1vol\u00edt\u00e1s\u00e1ra, cip\u0151k, b\u0151r\u00f6nd\u00f6k, padl\u00f3 tiszt\u00edt\u00e1s\u00e1ra stb. Csak testre haszn\u00e1lhat\u00f3.&nbsp;<\/p>\n\n\n\n<p>\u25cf A berendez\u00e9s nem rendeltet\u00e9sszer\u0171 haszn\u00e1lat\u00e1b\u00f3l vagy a jelen el\u0151\u00edr\u00e1s be nem tart\u00e1s\u00e1b\u00f3l ered\u0151 balesetek\u00e9rt a turista a felel\u0151s;&nbsp;<\/p>\n\n\n\n<p>\u25cf A gyermekek nem megfelel\u0151 fel\u00fcgyelete \u00e1ltal okozott balesetek\u00e9rt a k\u00eds\u00e9r\u0151(k) a felel\u0151s(ek)<\/p>\n\n\n\n<p>\u25cf A sz\u00e1lloda nem v\u00e1llal felel\u0151ss\u00e9get a parkol\u00f3ban l\u00e9v\u0151 aut\u00f3k\u00e9rt \u00e9s a benne hagyott t\u00e1rgyak\u00e9rt<\/p>\n\n\n\n<p>&nbsp;\u25cf A sz\u00e1llod\u00e1ban elektromos k\u00e9sz\u00fcl\u00e9kekhez (pl.: t\u0171zhely, radi\u00e1tor, v\u00edzforral\u00f3, vasal\u00f3 stb.) hozz\u00e1f\u00e9rni \u00e9s azokat haszn\u00e1lni tilos, a szob\u00e1ban l\u00e9v\u0151k kiv\u00e9tel\u00e9vel.<\/p>\n\n\n\n<ul class=\"wp-block-list\">\n<li>Ha vasal\u00e1si szolg\u00e1ltat\u00e1sra van sz\u00fcks\u00e9ge, k\u00e9rj\u00fck, forduljon a recepci\u00f3shoz.<\/li>\n<\/ul>\n\n\n\n<p>\u25cf Doh\u00e1nyozni\/g\u0151z\u00f6lni (elektronikus cigaretta \u2013 az EK el\u0151\u00edr\u00e1sa szerint) csak erre a c\u00e9lra kialak\u00edtott helyeken szabad; tilos a cigarettacsikkeket a hamutart\u00f3kon k\u00edv\u00fcl m\u00e1shova dobni.<\/p>\n\n\n\n<p>\u25cf A szemetet \u00e9s a h\u00e1ztart\u00e1si hullad\u00e9kot erre a c\u00e9lra kialak\u00edtott helyeken, h\u00e1ztart\u00e1si zs\u00e1kokban vagy szemetesekben t\u00e1roljuk.<\/p>\n\n\n\n<p>\u25cf Ne dobjon a WC-cs\u00e9sz\u00e9be olyan t\u00e1rgyakat, amelyek a szennyv\u00edzrendszer elt\u00f6m\u0151d\u00e9s\u00e9t okozhatj\u00e1k; mosogat\u00f3 \u00e9s zuhany lefoly\u00f3kra is \u00e9rv\u00e9nyes<\/p>\n\n\n\n<p>&nbsp;\u25cf A sz\u00e1lloda berendez\u00e9s\u00e9t, berendez\u00e9s\u00e9t a turist\u00e1knak sz\u00e1nt eszk\u00f6z\u00f6k\u00f6n k\u00edv\u00fcl a sz\u00e1lloda szem\u00e9lyzet\u00e9nek hozz\u00e1j\u00e1rul\u00e1sa n\u00e9lk\u00fcl haszn\u00e1lni tilos;&nbsp;<\/p>\n\n\n\n<p>\u25cf Tilos a sz\u00e1llod\u00e1ba bevinni: fegyvert, \u00e9les fegyvert vagy t\u00f6rv\u00e9nyben tiltott anyagokat<\/p>\n\n\n\n<p>&nbsp;\u25cf Hallucinog\u00e9n vagy \u201epszichotr\u00f3p\u201d anyagok fogyaszt\u00e1sa, \u00e1rus\u00edt\u00e1sa tilos, azok a hat\u00e1lyos t\u00f6rv\u00e9nyek szerint b\u00fcntetend\u0151k.&nbsp;<\/p>\n\n\n\n<ul class=\"wp-block-list\">\n<li>A sz\u00e1lloda NEM fogad h\u00e1zi\u00e1llatot<\/li>\n<\/ul>\n\n\n\n<p>\u25cf A kulcs\/bel\u00e9p\u0151k\u00e1rtya \u00e1tad\u00e1sa a recepci\u00f3n azut\u00e1n t\u00f6rt\u00e9nik, hogy a sz\u00e1lloda szem\u00e9lyzete ellen\u0151rizte a szob\u00e1t.<\/p>\n\n\n\n<p>&nbsp;\u25cf Korai t\u00e1voz\u00e1s eset\u00e9n legal\u00e1bb 12 \u00f3r\u00e1val kor\u00e1bban \u00e9rtes\u00edteni kell a sz\u00e1lloda recepci\u00f3j\u00e1t.&nbsp;<\/p>\n\n\n\n<p><strong>A turist\u00e1k k\u00f6telesek:&nbsp;<\/strong><\/p>\n\n\n\n<p>\u25cf Indul\u00e1skor ne vegyenek el semmilyen t\u00e1rgyat a sz\u00e1lloda berendez\u00e9s\u00e9b\u0151l \u00e9s\/vagy ami nem tartozik hozz\u00e1juk<\/p>\n\n\n\n<p>&nbsp;\u25cf Ne rong\u00e1lja meg a sz\u00e1lloda t\u00e1rgyait, ellenkez\u0151 esetben a s\u00e9r\u00fclt t\u00e1rgy \u00e9rt\u00e9k\u00e9vel megegyez\u0151 \u00f6sszeggel tartozik a sz\u00e1llod\u00e1nak, amelyhez a kapcsol\u00f3d\u00f3 munk\u00e1latokat hozz\u00e1adj\u00e1k;&nbsp;<\/p>\n\n\n\n<p>\u25cf A turist\u00e1k sz\u00e1m\u00e1ra nem enged\u00e9lyezett m\u00e1s helyis\u00e9gekbe vagy terekbe bel\u00e9pni<\/p>\n\n\n\n<p>&nbsp;\u25cf Ne hagyja a gyerekeket fel\u00fcgyelet n\u00e9lk\u00fcl, 12 \u00e9v alatti gyermekek sz\u00e1m\u00e1ra tilos a lift haszn\u00e1lata feln\u0151tt k\u00eds\u00e9r\u0151 n\u00e9lk\u00fcl.<\/p>\n\n\n\n<p>\u25cf A lehet\u0151 leggyorsabban bejelenteni az alap\u00edtv\u00e1nyban tal\u00e1lhat\u00f3 eszk\u00f6z\u00f6k vagy berendez\u00e9sek meghib\u00e1sod\u00e1s\u00e1t<\/p>\n\n\n\n<p>\u25cf Meg\u0151rizni a b\u00e9k\u00e9t a sz\u00e1llod\u00e1ban \u00e9s tisztelni m\u00e1sokat<\/p>\n\n\n\n<ul class=\"wp-block-list\">\n<li>A sz\u00e1lloda recepci\u00f3ja 23:00 \u00e9s 07:00 k\u00f6z\u00f6tt z\u00e1rva tart. K\u00e9rj\u00fck, jelezze fel\u00e9nk, ha este 10 \u00f3ra ut\u00e1n \u00e9rkezik.<\/li>\n<\/ul>\n\n\n\n<p>A Caro Boutique Hotel&amp;Restaurant csapata<\/p>","protected":false},"excerpt":{"rendered":"<p>Regulamentul se aplic\u0103 tuturor turi\u0219tilor care intr\u0103 \u00een hotel \u0219i trebuie s\u0103 i se conformeze f\u0103r\u0103 limite sau rezerve. Efectuarea unei rezerv\u0103ri reprezint\u0103 consim\u021b\u0103m\u00e2ntul dumneavoastr\u0103 fa\u021b\u0103 de acest regulament. &nbsp;\u00cen calitate de Gazde, dorim s\u0103 ave\u021bi o \u0219edere pl\u0103cut\u0103 la CARO BOUTIQUE HOTEL&amp;RESTAURANT asigur\u00e2ndu-v\u0103 c\u0103 ne str\u0103duim ca serviciile oferite s\u0103 fie la nivelul cerin\u021belor [&hellip;]<\/p>\n","protected":false},"author":1,"featured_media":0,"parent":0,"menu_order":0,"comment_status":"closed","ping_status":"closed","template":"","meta":{"footnotes":""},"class_list":["post-1349","page","type-page","status-publish","hentry"],"aioseo_notices":[],"_links":{"self":[{"href":"https:\/\/caro-oradea.ro\/hu\/wp-json\/wp\/v2\/pages\/1349","targetHints":{"allow":["GET"]}}],"collection":[{"href":"https:\/\/caro-oradea.ro\/hu\/wp-json\/wp\/v2\/pages"}],"about":[{"href":"https:\/\/caro-oradea.ro\/hu\/wp-json\/wp\/v2\/types\/page"}],"author":[{"embeddable":true,"href":"https:\/\/caro-oradea.ro\/hu\/wp-json\/wp\/v2\/users\/1"}],"replies":[{"embeddable":true,"href":"https:\/\/caro-oradea.ro\/hu\/wp-json\/wp\/v2\/comments?post=1349"}],"version-history":[{"count":2,"href":"https:\/\/caro-oradea.ro\/hu\/wp-json\/wp\/v2\/pages\/1349\/revisions"}],"predecessor-version":[{"id":1351,"href":"https:\/\/caro-oradea.ro\/hu\/wp-json\/wp\/v2\/pages\/1349\/revisions\/1351"}],"wp:attachment":[{"href":"https:\/\/caro-oradea.ro\/hu\/wp-json\/wp\/v2\/media?parent=1349"}],"curies":[{"name":"munkaf\u00fczet","href":"https:\/\/api.w.org\/{rel}","templated":true}]}}