{"id":11,"date":"2023-03-22T13:13:25","date_gmt":"2023-03-22T13:13:25","guid":{"rendered":"https:\/\/caro-oradea.ro\/?page_id=11"},"modified":"2024-02-06T10:49:53","modified_gmt":"2024-02-06T10:49:53","slug":"contact","status":"publish","type":"page","link":"https:\/\/caro-oradea.ro\/hu\/contact\/","title":{"rendered":"Kapcsolatba l\u00e9pni"},"content":{"rendered":"<div>\n<h1>Informa\u021bii contact<\/h1>\n<div>\n<p>Pentru orice informa\u021bii suplimentare, \u00eentreb\u0103ri sau sugestii, v\u0103 rug\u0103m s\u0103 nu ezita\u021bi s\u0103 ne contacta\u021bi folosind detaliile de mai jos:<\/p>\n<p><a href=\"tel:+40359405204\" class=\"uk-link-text\"> +40 359405204<\/a> | <a href=\"malto:contact@caro-oradea.ro\" class=\"uk-link-text\">contact@caro-oradea.ro<\/a><br \/>Str. M. Kog\u0103lniceanu nr. 21\/A <br \/>\nOradea, jud. Bihor, Rom\u00e2nia<\/p>\n<\/div>\n<p><a href=\"https:\/\/caro-boutique-hotelrestaurant.pynbooking.direct\/\">Rezerv\u0103ri<\/a><\/p>\n<\/div>\n<p><img decoding=\"async\" src=\"\/wp-content\/uploads\/2023\/05\/contact-hotel-caro-02.jpg\" alt=\"\"><\/p>\n<p><!--more--><br \/>\n<!-- {\"type\":\"layout\",\"children\":[{\"name\":\"Hero\",\"type\":\"section\",\"props\":{\"image_position\":\"center-center\",\"padding_remove_top\":true,\"style\":\"default\",\"title\":\"Contact Hotel Caro Oradea\",\"title_breakpoint\":\"xl\",\"title_position\":\"center-left\",\"title_rotation\":\"left\",\"vertical_align\":\"middle\",\"width\":\"xlarge\"},\"children\":[{\"type\":\"row\",\"props\":{\"column_gap\":\"collapse\",\"layout\":\"1-2,1-2\",\"row_gap\":\"collapse\",\"vertical_align\":true,\"width\":\"expand\"},\"children\":[{\"type\":\"column\",\"props\":{\"image\":\"wp-content\\\/uploads\\\/2023\\\/04\\\/logo-hotel-caro-original-white-transparent.svg\",\"image_position\":\"center-right\",\"image_width\":\"240\",\"padding\":\"xlarge\",\"position_sticky_breakpoint\":\"m\",\"style\":\"tile-primary\",\"vertical_align\":\"middle\",\"width_medium\":\"1-2\"},\"children\":[{\"type\":\"panel\",\"props\":{\"block_align\":\"center\",\"content\":\"\n\n<p>Pentru orice informa\\u021bii suplimentare, \\u00eentreb\\u0103ri sau sugestii, v\\u0103 rug\\u0103m s\\u0103 nu ezita\\u021bi s\\u0103 ne contacta\\u021bi folosind detaliile de mai jos:<\\\/p>\\n\n\n<p><a href=\\\"tel:+40359405204\\\" class=\\\"uk-link-text\\\"> +40 359405204<\\\/a> | <a href=\\\"malto:contact@caro-oradea.ro\\\" class=\\\"uk-link-text\\\">contact@caro-oradea.ro<\\\/a><br \/>Str. M. Kog\\u0103lniceanu nr. 21\\\/A <br \/>\\nOradea, jud. Bihor, Rom\\u00e2nia<\\\/p>\",\"content_column_breakpoint\":\"m\",\"icon\":\"\",\"icon_width\":80,\"image_align\":\"top\",\"image_grid_breakpoint\":\"m\",\"image_grid_width\":\"1-2\",\"image_svg_color\":\"emphasis\",\"link\":\"https:\\\/\\\/caro-boutique-hotelrestaurant.pynbooking.direct\\\/\",\"link_style\":\"default\",\"link_text\":\"Rezerv\\u0103ri\",\"margin\":\"\",\"margin_remove_top\":false,\"maxwidth\":\"large\",\"meta_align\":\"below-title\",\"meta_element\":\"div\",\"meta_style\":\"text-meta\",\"panel_card_size\":\"large\",\"text_align\":\"left\",\"text_align_breakpoint\":\"m\",\"text_align_fallback\":\"center\",\"title\":\"Informa\\u021bii contact\",\"title_align\":\"top\",\"title_element\":\"h1\",\"title_grid_breakpoint\":\"m\",\"title_grid_width\":\"1-2\",\"title_hover_style\":\"reset\",\"title_style\":\"h2\"}}]},{\"type\":\"column\",\"props\":{\"image_position\":\"center-center\",\"order_first\":\"m\",\"padding\":\"xlarge\",\"position_sticky_breakpoint\":\"m\",\"vertical_align\":\"middle\",\"width_medium\":\"1-2\"},\"children\":[{\"type\":\"image\",\"props\":{\"animation\":\"parallax\",\"block_align\":\"center\",\"image\":\"wp-content\\\/uploads\\\/2023\\\/05\\\/contact-hotel-caro-02.jpg\",\"image_loading\":true,\"image_svg_color\":\"emphasis\",\"image_width\":\"900\",\"margin\":\"default\",\"maxwidth\":\"2xlarge\",\"maxwidth_breakpoint\":\"m\",\"parallax_breakpoint\":\"m\",\"parallax_easing\":\"1\",\"parallax_x\":\"50,40\",\"visibility\":\"s\"}}]}]}]},{\"name\":\"Contact\",\"type\":\"section\",\"props\":{\"id\":\"rezervari\",\"image\":\"wp-content\\\/uploads\\\/rsvp-contact-bg.svg\",\"image_loading\":true,\"image_position\":\"top-left\",\"media_visibility\":\"s\",\"padding_remove_top\":false,\"status\":\"disabled\",\"style\":\"default\",\"title_breakpoint\":\"xl\",\"title_position\":\"top-left\",\"title_rotation\":\"left\",\"vertical_align\":\"middle\",\"width\":\"small\"},\"children\":[{\"type\":\"row\",\"props\":{\"width\":\"small\"},\"children\":[{\"type\":\"column\",\"props\":{\"image_position\":\"top-left\",\"position_sticky_breakpoint\":\"m\",\"width_medium\":\"1-1\"},\"children\":[{\"type\":\"headline\",\"props\":{\"content\":\"Formular de rezerv\\u0103ri\",\"margin_remove_bottom\":true,\"title_color\":\"primary\",\"title_element\":\"h2\",\"title_style\":\"heading-small\"}},{\"type\":\"text\",\"props\":{\"column_breakpoint\":\"m\",\"content\":\"Dup\\u0103 completarea formularului, rezervarea dumneavoastr\\u0103 va fi confirmat\\u0103 de c\\u0103tre recep\\u021bia hotelului Caro Oradea\",\"margin\":\"default\",\"margin_remove_top\":true,\"maxwidth\":\"large\"}}]}]},{\"type\":\"row\",\"props\":{\"layout\":\"1-2,1-2\",\"match\":false,\"width\":\"small\"},\"children\":[{\"type\":\"column\",\"props\":{\"image_position\":\"center-center\",\"position_sticky_breakpoint\":\"m\",\"width_medium\":\"1-2\"},\"children\":[{\"type\":\"html\",\"props\":{\"content\":\"[fluentform id=\\\"3\\\"]\"}}]},{\"type\":\"column\",\"props\":{\"image\":\"wp-content\\\/uploads\\\/2023\\\/03\\\/logo-hotel-caro-original-white.svg\",\"image_position\":\"center-right\",\"image_size\":\"contain\",\"image_width\":\"340\",\"position_sticky_breakpoint\":\"m\",\"width_medium\":\"1-2\"},\"children\":[{\"type\":\"text\",\"props\":{\"column_breakpoint\":\"m\",\"content\":\"\n\n<p>Pentru a face o rezervare la hotelul nostru, v\\u0103 rug\\u0103m s\\u0103 completa\\u021bi formularul al\\u0103turat.<\\\/p>\\n\n\n<p> <a href=\\\"malto:malto:contact@caro-oradea.ro\\\" class=\\\"uk-link-text\\\">contact@caro-oradea.ro<\\\/a><\\\/p>\",\"margin\":\"default\",\"maxwidth\":\"xlarge\"}},{\"type\":\"text\",\"props\":{\"column_breakpoint\":\"m\",\"content\":\"Str. M. Kog\\u0103lniceanu nr. 21\\\/A <br \/>\\nOradea, jud. Bihor, Rom\\u00e2nia\",\"margin\":\"default\"}},{\"type\":\"text\",\"props\":{\"column_breakpoint\":\"m\",\"content\":\"Recep\\u021bie\",\"margin\":\"default\",\"margin_remove_bottom\":true}},{\"type\":\"button\",\"props\":{\"grid_column_gap\":\"small\",\"grid_row_gap\":\"small\",\"margin\":\"remove-vertical\"},\"children\":[{\"type\":\"button_item\",\"props\":{\"button_style\":\"link-text\",\"content\":\" +40 359405207\",\"icon_align\":\"left\",\"link\":\"tel: +40 359405207\"}}]},{\"type\":\"grid\",\"props\":{\"block_align\":\"center\",\"content_column_breakpoint\":\"m\",\"filter_align\":\"left\",\"filter_all\":true,\"filter_grid_breakpoint\":\"m\",\"filter_grid_width\":\"auto\",\"filter_position\":\"top\",\"filter_style\":\"tab\",\"grid_column_gap\":\"small\",\"grid_default\":\"3\",\"grid_medium\":\"\",\"icon_width\":80,\"image_align\":\"top\",\"image_grid_breakpoint\":\"m\",\"image_grid_width\":\"1-2\",\"image_svg_color\":\"emphasis\",\"item_animation\":true,\"link_style\":\"default\",\"link_text\":\"Read more\",\"margin\":\"default\",\"maxwidth\":\"medium\",\"meta_align\":\"below-title\",\"meta_element\":\"div\",\"meta_style\":\"text-meta\",\"show_content\":true,\"show_image\":true,\"show_link\":true,\"show_meta\":true,\"show_title\":true,\"title_align\":\"top\",\"title_element\":\"h3\",\"title_grid_breakpoint\":\"m\",\"title_grid_width\":\"1-2\",\"title_hover_style\":\"reset\"},\"children\":[{\"type\":\"grid_item\",\"props\":{\"image\":\"wp-content\\\/uploads\\\/2023\\\/04\\\/edenred.png\"}},{\"type\":\"grid_item\",\"props\":{\"image\":\"wp-content\\\/uploads\\\/2023\\\/04\\\/sodexo-02.png\"}},{\"type\":\"grid_item\",\"props\":{\"image\":\"wp-content\\\/uploads\\\/2023\\\/04\\\/Up-romania.png\"}}]}]}]}]}],\"version\":\"4.2.13\",\"yooessentialsVersion\":\"2.2.4\"} --><\/p>\n","protected":false},"excerpt":{"rendered":"<p>El\u00e9rhet\u0151s\u00e9gek Tov\u00e1bbi inform\u00e1ci\u00f3\u00e9rt, k\u00e9rd\u00e9s\u00e9rt vagy javaslat\u00e9rt forduljon hozz\u00e1nk bizalommal az al\u00e1bbi el\u00e9rhet\u0151s\u00e9geken: +40 359405204 | contact@caro-oradea.roStr. M. Kog\u0103lniceanu sz. 21\/A Nagyv\u00e1rad, Bihar megye, Rom\u00e1nia Foglal\u00e1sok<\/p>","protected":false},"author":1,"featured_media":0,"parent":0,"menu_order":0,"comment_status":"closed","ping_status":"closed","template":"","meta":{"footnotes":""},"class_list":["post-11","page","type-page","status-publish","hentry"],"aioseo_notices":[],"_links":{"self":[{"href":"https:\/\/caro-oradea.ro\/hu\/wp-json\/wp\/v2\/pages\/11","targetHints":{"allow":["GET"]}}],"collection":[{"href":"https:\/\/caro-oradea.ro\/hu\/wp-json\/wp\/v2\/pages"}],"about":[{"href":"https:\/\/caro-oradea.ro\/hu\/wp-json\/wp\/v2\/types\/page"}],"author":[{"embeddable":true,"href":"https:\/\/caro-oradea.ro\/hu\/wp-json\/wp\/v2\/users\/1"}],"replies":[{"embeddable":true,"href":"https:\/\/caro-oradea.ro\/hu\/wp-json\/wp\/v2\/comments?post=11"}],"version-history":[{"count":3,"href":"https:\/\/caro-oradea.ro\/hu\/wp-json\/wp\/v2\/pages\/11\/revisions"}],"predecessor-version":[{"id":1361,"href":"https:\/\/caro-oradea.ro\/hu\/wp-json\/wp\/v2\/pages\/11\/revisions\/1361"}],"wp:attachment":[{"href":"https:\/\/caro-oradea.ro\/hu\/wp-json\/wp\/v2\/media?parent=11"}],"curies":[{"name":"munkaf\u00fczet","href":"https:\/\/api.w.org\/{rel}","templated":true}]}}