{"id":53,"date":"2023-03-22T13:42:29","date_gmt":"2023-03-22T13:42:29","guid":{"rendered":"https:\/\/caro-oradea.ro\/?page_id=53"},"modified":"2025-01-14T16:01:21","modified_gmt":"2025-01-14T16:01:21","slug":"servicii-de-catering","status":"publish","type":"page","link":"https:\/\/caro-oradea.ro\/en\/servicii-de-catering\/","title":{"rendered":"Catering services"},"content":{"rendered":"<div>\n<p><span style=\"font-weight: 400;\">Ai un eveniment special \u00een afara hotelului nostru?<\/span><\/p>\n<\/div>\n<h6>Servicii de catering<\/h6>\n<h2>Hotel Caro Oradea<\/h2>\n<div>\n<p>Ai un eveniment special \u00een afara hotelului nostru? Dore\u0219ti s\u0103 impresionezi oaspe\u021bii cu o experien\u021b\u0103 culinar\u0103 rafinat\u0103, chiar \u00een confortul propriei tale loca\u021bii?<\/p>\n<\/div>\n<div>\n<p> CARO vine \u00een \u00eent\u00e2mpinarea nevoilor tale cu servicii personalizate \u0219i sofisticate de catering. Beneficiezi de meniuri atent selectate, consultan\u021b\u0103 \u00een organizare \u0219i osp\u0103tari experimenta\u021bi, astfel \u00eenc\u00e2t s\u0103 te po\u021bi bucura \u00een voie de succesul evenimentului al\u0103turi de invita\u021bii t\u0103i. <\/p>\n<p>Restaurantul CARO \u00ee\u021bi pune la dispozi\u021bie op\u021biuni diverse, de la preparate simple \u0219i platouri delicioase p\u00e2n\u0103 la \u00eentreaga experien\u021b\u0103 de restaurant. Bucur\u0103-te de servicii de \u00eenalt\u0103 calitate \u0219i las\u0103-te r\u0103sf\u0103\u021bat de gusturile apreciate ale buc\u0103t\u0103riei CARO.<\/p>\n<\/div>\n<h3>Ce po\u021bi s\u0103 comanzi de la noi: <\/h3>\n<ul>\n<li>\n<p><a href=\"\/meniu-restaurant\/\">Vezi meniul nostru<\/a><\/p>\n<\/li>\n<li>\n<p><a href=\"https:\/\/caro-oradea.ro\/meniu-restaurant\/#gustari\">Gust\u0103ri<\/a><\/p>\n<\/li>\n<li>\n<p><a href=\"https:\/\/caro-oradea.ro\/meniu-restaurant\/#feldebaza\">Fel de baz\u0103<\/a><\/p>\n<\/li>\n<li>\n<p><a href=\"https:\/\/caro-oradea.ro\/meniu-restaurant\/#desserts\">Deserturi<\/a><\/p>\n<\/li>\n<li>\n<p><a href=\"https:\/\/caro-oradea.ro\/meniu-restaurant\/#bar\">Bar<\/a><\/p>\n<\/li>\n<li>\n<p><a href=\"https:\/\/caro-oradea.ro\/meniu-restaurant\/#BUSINESS-LUNCH\">Business Lunch<\/a><\/p>\n<\/li>\n<\/ul>\n<ul>\n<li>\n<p><img decoding=\"async\" src=\"\/wp-content\/uploads\/2023\/08\/hotel-caro-catering-04.jpg\" alt=\"Servicii de catering Oradea\"><\/p>\n<\/li>\n<li>\n<p><img decoding=\"async\" src=\"\/wp-content\/uploads\/2023\/08\/hotel-caro-catering-03.jpg\" alt=\"Servicii de catering Oradea\"><\/p>\n<\/li>\n<\/ul>\n<p><img decoding=\"async\" src=\"\/wp-content\/uploads\/2023\/08\/hotel-caro-catering-05.jpg\" alt=\"Servicii de catering Oradea\"><\/p>\n<div>Sal\u0103 de evenimente<\/div>\n<h2>Hotel Caro Oradea<\/h2>\n<div>\n<p>Suntem gata s\u0103 v\u0103 oferim o solu\u021bie personalizat\u0103 pentru nevoile dumneavoastr\u0103, indiferent dac\u0103 dori\u021bi s\u0103 organiza\u021bi un eveniment mic \u0219i intim sau un eveniment mare \u0219i complex. Contacta\u021bi-ne ast\u0103zi pentru a rezerva sala noastr\u0103 de conferin\u021be \u0219i pentru a ne permite s\u0103 v\u0103 ajut\u0103m s\u0103 crea\u021bi un eveniment memorabil pentru dumneavoastr\u0103 \u0219i pentru invita\u021bii dvs.<\/p>\n<\/div>\n<p>\n    <a href=\"tel:+40755080114\">+40 755 080 114<\/a>\n<\/p>\n<div>\n<p>47.0521,21.9281<\/p>\n<p><img decoding=\"async\" src=\"\/wp-content\/uploads\/accommodations-post-villa-lorenzo.jpg\" alt=\"\"><\/p>\n<h3>Hotel Caro <\/h3>\n<p><a href=\"\" >Oradea<\/a><\/p>\n<div><a href=\"\">Exclusive Architecture<\/a>, <a href=\"\">Villa<\/a><\/div>\n<p><a href=\"#\">More information<\/a><\/p>\n<\/div>\n<p><!--more--><br \/>\n<!-- {\"type\":\"layout\",\"children\":[{\"type\":\"section\",\"props\":{\"animation\":\"fade\",\"css\":\"@media (max-width: 959px){\\n    \\n    .el-section > div {\\n        min-height: 450px !important;\\n    }\\n\\n}\\n\\n@media (max-width: 639px){\\n    \\n    .el-section > div {\\n        min-height: 240px !important;\\n    }\\n\\n}\",\"header_transparent\":true,\"header_transparent_text_color\":\"light\",\"image\":\"wp-content\\\/uploads\\\/2023\\\/04\\\/conferinte-02.jpg\",\"image_position\":\"center-center\",\"image_size\":\"cover\",\"image_width\":\"2560\",\"padding\":\"xlarge\",\"style\":\"default\",\"title_breakpoint\":\"xl\",\"title_position\":\"top-left\",\"title_rotation\":\"left\",\"vertical_align\":\"\",\"width\":\"\"},\"children\":[{\"type\":\"row\",\"children\":[{\"type\":\"column\",\"props\":{\"image_position\":\"center-center\",\"position_sticky_breakpoint\":\"m\",\"text_color\":\"light\",\"vertical_align\":\"middle\"},\"children\":[{\"type\":\"headline\",\"props\":{\"margin_remove_bottom\":true,\"text_align\":\"center\",\"title_element\":\"h1\",\"title_style\":\"heading-medium\"},\"source\":{\"query\":{\"name\":\"pages.singlePage\"},\"props\":{\"content\":{\"filters\":{\"search\":\"\"},\"name\":\"title\"}}}},{\"type\":\"text\",\"props\":{\"block_align\":\"center\",\"column_breakpoint\":\"m\",\"content\":\"\n\n<p><span style=\\\"font-weight: 400;\\\">Ai un eveniment special \\u00een afara hotelului nostru?<\\\/span><\\\/p>\",\"margin\":\"default\",\"margin_remove_top\":true,\"text_align\":\"center\",\"text_style\":\"lead\"}}]}]}],\"name\":\"Hero\"},{\"type\":\"section\",\"props\":{\"image_position\":\"center-center\",\"padding_remove_bottom\":true,\"padding_remove_top\":false,\"status\":\"disabled\",\"style\":\"default\",\"title_breakpoint\":\"xl\",\"title_position\":\"top-left\",\"title_rotation\":\"left\",\"vertical_align\":\"middle\",\"width\":\"default\"},\"children\":[{\"type\":\"row\",\"children\":[{\"type\":\"column\",\"props\":{\"image_position\":\"center-center\",\"position_sticky_breakpoint\":\"m\"},\"children\":[{\"type\":\"image\",\"props\":{\"image\":\"wp-content\\\/uploads\\\/2024\\\/12\\\/Craciun-2024-Caro-01.jpg\",\"image_alt\":\"Platouri de Craciun Oradea\",\"image_svg_color\":\"emphasis\",\"margin\":\"default\"}}]}]}]},{\"type\":\"section\",\"props\":{\"animation\":\"fade\",\"image_position\":\"center-center\",\"padding\":\"large\",\"padding_remove_bottom\":false,\"style\":\"default\",\"title_breakpoint\":\"xl\",\"title_position\":\"top-left\",\"title_rotation\":\"left\",\"vertical_align\":\"\",\"width\":\"large\"},\"children\":[{\"type\":\"row\",\"props\":{\"column_gap\":\"large\",\"layout\":\"1-3,2-3\"},\"children\":[{\"type\":\"column\",\"props\":{\"image_position\":\"center-center\",\"position_sticky_breakpoint\":\"m\",\"width_medium\":\"1-3\",\"width_xlarge\":\"1-4\"},\"children\":[{\"type\":\"headline\",\"props\":{\"content\":\"Servicii de catering\",\"margin_remove_bottom\":true,\"title_element\":\"h6\"}},{\"type\":\"headline\",\"props\":{\"content\":\"Hotel Caro Oradea\",\"margin_remove_top\":true,\"title_element\":\"h2\"}}]},{\"type\":\"column\",\"props\":{\"image_position\":\"center-center\",\"position_sticky_breakpoint\":\"m\",\"width_medium\":\"2-3\",\"width_xlarge\":\"3-4\"},\"children\":[{\"type\":\"text\",\"props\":{\"column_breakpoint\":\"m\",\"content\":\"\n\n<p>Ai un eveniment special \\u00een afara hotelului nostru? Dore\\u0219ti s\\u0103 impresionezi oaspe\\u021bii cu o experien\\u021b\\u0103 culinar\\u0103 rafinat\\u0103, chiar \\u00een confortul propriei tale loca\\u021bii?<\\\/p>\",\"margin\":\"default\",\"maxwidth\":\"2xlarge\",\"maxwidth_breakpoint\":\"l\",\"text_style\":\"lead\"}},{\"type\":\"text\",\"props\":{\"column_breakpoint\":\"m\",\"content\":\"\n\n<p> CARO vine \\u00een \\u00eent\\u00e2mpinarea nevoilor tale cu servicii personalizate \\u0219i sofisticate de catering. Beneficiezi de meniuri atent selectate, consultan\\u021b\\u0103 \\u00een organizare \\u0219i osp\\u0103tari experimenta\\u021bi, astfel \\u00eenc\\u00e2t s\\u0103 te po\\u021bi bucura \\u00een voie de succesul evenimentului al\\u0103turi de invita\\u021bii t\\u0103i. \\n\n\n\\nRestaurantul CARO \\u00ee\\u021bi pune la dispozi\\u021bie op\\u021biuni diverse, de la preparate simple \\u0219i platouri delicioase p\\u00e2n\\u0103 la \\u00eentreaga experien\\u021b\\u0103 de restaurant. Bucur\\u0103-te de servicii de \\u00eenalt\\u0103 calitate \\u0219i las\\u0103-te r\\u0103sf\\u0103\\u021bat de gusturile apreciate ale buc\\u0103t\\u0103riei CARO.<\\\/p>\",\"margin\":\"default\",\"maxwidth\":\"2xlarge\",\"maxwidth_breakpoint\":\"l\"}},{\"type\":\"headline\",\"props\":{\"content\":\"Ce po\\u021bi s\\u0103 comanzi de la noi: \",\"title_element\":\"h3\"}},{\"type\":\"list\",\"props\":{\"animation\":\"slide-bottom-small\",\"column\":\"1-3\",\"column_breakpoint\":\"m\",\"image_align\":\"left\",\"image_svg_color\":\"emphasis\",\"image_vertical_align\":true,\"link_style\":\"text\",\"list_element\":\"ul\",\"list_horizontal_separator\":\", \",\"list_type\":\"vertical\",\"margin\":\"medium\",\"maxwidth\":\"2xlarge\",\"maxwidth_breakpoint\":\"l\",\"show_image\":true,\"show_link\":true},\"children\":[{\"type\":\"list_item\",\"props\":{\"content\":\"Vezi meniul nostru\",\"icon\":\"check\",\"icon_color\":\"primary\",\"link\":\"meniu-restaurant\\\/\"}},{\"type\":\"list_item\",\"props\":{\"content\":\"Gust\\u0103ri\",\"icon\":\"check\",\"icon_color\":\"primary\",\"link\":\"https:\\\/\\\/caro-oradea.ro\\\/meniu-restaurant\\\/#gustari\"}},{\"type\":\"list_item\",\"props\":{\"content\":\"Fel de baz\\u0103\",\"icon\":\"check\",\"icon_color\":\"primary\",\"link\":\"https:\\\/\\\/caro-oradea.ro\\\/meniu-restaurant\\\/#feldebaza\"}},{\"type\":\"list_item\",\"props\":{\"content\":\"Deserturi\",\"icon\":\"check\",\"icon_color\":\"primary\",\"link\":\"https:\\\/\\\/caro-oradea.ro\\\/meniu-restaurant\\\/#desserts\"}},{\"type\":\"list_item\",\"props\":{\"content\":\"Bar\",\"icon\":\"check\",\"icon_color\":\"primary\",\"link\":\"https:\\\/\\\/caro-oradea.ro\\\/meniu-restaurant\\\/#bar\"}},{\"type\":\"list_item\",\"props\":{\"content\":\"Business Lunch\",\"icon\":\"check\",\"icon_color\":\"primary\",\"link\":\"https:\\\/\\\/caro-oradea.ro\\\/meniu-restaurant\\\/#BUSINESS-LUNCH\"}}]}]}]}],\"name\":\"About\"},{\"type\":\"section\",\"props\":{\"animation\":\"fade\",\"image_position\":\"center-center\",\"padding\":\"none\",\"padding_remove_bottom\":false,\"padding_remove_top\":false,\"style\":\"default\",\"title_breakpoint\":\"xl\",\"title_position\":\"top-left\",\"title_rotation\":\"left\",\"vertical_align\":\"\",\"width\":\"large\"},\"children\":[{\"type\":\"row\",\"children\":[{\"type\":\"column\",\"props\":{\"image_position\":\"center-center\",\"position_sticky_breakpoint\":\"m\"},\"children\":[{\"type\":\"grid\",\"props\":{\"animation\":\"none\",\"content_column_breakpoint\":\"m\",\"filter_align\":\"left\",\"filter_all\":true,\"filter_grid_breakpoint\":\"m\",\"filter_grid_width\":\"auto\",\"filter_position\":\"top\",\"filter_style\":\"tab\",\"grid_column_gap\":\"small\",\"grid_default\":\"1\",\"grid_medium\":\"\",\"grid_row_gap\":\"small\",\"grid_small\":\"2\",\"icon_width\":80,\"image_align\":\"top\",\"image_grid_breakpoint\":\"m\",\"image_grid_width\":\"1-2\",\"image_svg_color\":\"emphasis\",\"image_width\":\"700\",\"item_animation\":true,\"link_style\":\"default\",\"link_text\":\"Read more\",\"margin\":\"\",\"meta_align\":\"below-title\",\"meta_element\":\"div\",\"meta_style\":\"text-meta\",\"parallax_easing\":\"1\",\"show_content\":true,\"show_image\":true,\"show_link\":true,\"show_meta\":true,\"show_title\":true,\"title_align\":\"top\",\"title_element\":\"h3\",\"title_grid_breakpoint\":\"m\",\"title_grid_width\":\"1-2\",\"title_hover_style\":\"reset\"},\"children\":[{\"type\":\"grid_item\",\"props\":{\"image\":\"wp-content\\\/uploads\\\/2023\\\/08\\\/hotel-caro-catering-04.jpg\",\"image_alt\":\"Servicii de catering Oradea\"}},{\"type\":\"grid_item\",\"props\":{\"image\":\"wp-content\\\/uploads\\\/2023\\\/08\\\/hotel-caro-catering-03.jpg\",\"image_alt\":\"Servicii de catering Oradea\"}}]},{\"type\":\"image\",\"props\":{\"animation\":\"none\",\"class\":\"uk-grid-margin-small\",\"image\":\"wp-content\\\/uploads\\\/2023\\\/08\\\/hotel-caro-catering-05.jpg\",\"image_alt\":\"Servicii de catering Oradea\",\"image_svg_color\":\"emphasis\",\"image_width\":\"1400\",\"margin\":\"\"}}]}],\"props\":{\"margin\":\"large\"}}],\"name\":\"Garden\"},{\"type\":\"section\",\"props\":{\"animation\":\"fade\",\"image_position\":\"center-center\",\"padding\":\"large\",\"style\":\"default\",\"title_breakpoint\":\"xl\",\"title_position\":\"top-left\",\"title_rotation\":\"left\",\"vertical_align\":\"\",\"width\":\"default\"},\"children\":[{\"type\":\"row\",\"props\":{\"column_gap\":\"large\",\"layout\":\"1-3,2-3\"},\"children\":[{\"type\":\"column\",\"props\":{\"image_position\":\"center-center\",\"position_sticky_breakpoint\":\"m\",\"width_medium\":\"1-3\"},\"children\":[{\"type\":\"headline\",\"props\":{\"animation\":\"slide-top-small\",\"content\":\"Sal\\u0103 de evenimente\",\"margin\":\"small\",\"title_color\":\"primary\",\"title_element\":\"div\",\"title_style\":\"h6\"},\"source_extended\":{\"props\":{\"content\":{\"filters\":{\"search\":\"\"},\"name\":\"title\",\"query\":{\"name\":\"posts.singlePost\"}}}}},{\"type\":\"headline\",\"props\":{\"content\":\"Hotel Caro Oradea\",\"margin_remove_top\":true,\"title_element\":\"h2\"}}]},{\"type\":\"column\",\"props\":{\"image_position\":\"center-center\",\"position_sticky_breakpoint\":\"m\",\"width_medium\":\"2-3\"},\"children\":[{\"type\":\"text\",\"props\":{\"column_breakpoint\":\"m\",\"content\":\"\n\n<p>Suntem gata s\\u0103 v\\u0103 oferim o solu\\u021bie personalizat\\u0103 pentru nevoile dumneavoastr\\u0103, indiferent dac\\u0103 dori\\u021bi s\\u0103 organiza\\u021bi un eveniment mic \\u0219i intim sau un eveniment mare \\u0219i complex. Contacta\\u021bi-ne ast\\u0103zi pentru a rezerva sala noastr\\u0103 de conferin\\u021be \\u0219i pentru a ne permite s\\u0103 v\\u0103 ajut\\u0103m s\\u0103 crea\\u021bi un eveniment memorabil pentru dumneavoastr\\u0103 \\u0219i pentru invita\\u021bii dvs.<\\\/p>\",\"margin\":\"default\",\"maxwidth\":\"2xlarge\",\"maxwidth_breakpoint\":\"l\"}},{\"type\":\"button\",\"props\":{\"animation\":\"slide-bottom-small\",\"grid_column_gap\":\"small\",\"grid_row_gap\":\"small\",\"margin\":\"medium\"},\"children\":[{\"type\":\"button_item\",\"props\":{\"button_style\":\"primary\",\"content\":\"+40 755 080 114\",\"icon\":\"phone\",\"icon_align\":\"left\",\"link\":\"tel:+40755080114\",\"link_title\":\"Sal\\u0103 de evenimente Oradea\"}}]}]}]}],\"name\":\"Call to Action\"},{\"type\":\"section\",\"props\":{\"image_position\":\"center-center\",\"padding\":\"none\",\"padding_remove_bottom\":false,\"style\":\"default\",\"title_breakpoint\":\"xl\",\"title_position\":\"top-left\",\"title_rotation\":\"left\",\"vertical_align\":\"\",\"width\":\"\"},\"children\":[{\"type\":\"row\",\"children\":[{\"type\":\"column\",\"props\":{\"image_position\":\"center-center\",\"position_sticky_breakpoint\":\"m\"},\"children\":[{\"type\":\"map\",\"props\":{\"content_margin\":\"small\",\"content_style\":\"text-meta\",\"controls\":true,\"dragging\":true,\"height\":\"500\",\"image_height\":\"150\",\"image_svg_color\":\"emphasis\",\"image_width\":\"270\",\"link_size\":\"small\",\"link_style\":\"primary\",\"link_text\":\"More information\",\"margin\":\"default\",\"marker_icon\":\"wp-content\\\/uploads\\\/icon-map-marker-accommodation.svg\",\"max_zoom\":18,\"meta_align\":\"above-title\",\"meta_color\":\"primary\",\"meta_element\":\"div\",\"meta_style\":\"h6\",\"min_zoom\":0,\"poi\":false,\"popup_max_width\":\"300\",\"show_content\":true,\"show_image\":true,\"show_link\":true,\"show_meta\":true,\"show_title\":true,\"title_element\":\"h3\",\"title_hover_style\":\"reset\",\"title_margin\":\"remove\",\"title_style\":\"h5\",\"type\":\"roadmap\",\"zoom\":\"15\",\"zooming\":false},\"children\":[{\"type\":\"map_item\",\"props\":{\"content\":\"<a href=\\\"\\\">Exclusive Architecture<\\\/a>, <a href=\\\"\\\">Villa<\\\/a>\",\"image\":\"wp-content\\\/uploads\\\/accommodations-post-villa-lorenzo.jpg\",\"link\":\"#\",\"location\":\"47.0521,21.9281\",\"meta\":\"<a href=\\\"\\\" >Oradea<\\\/a>\",\"title\":\"Hotel Caro \"}}]}]}]}],\"name\":\"Map\"}],\"version\":\"4.4.20\",\"yooessentialsVersion\":\"2.2.11\"} --><\/p>\n","protected":false},"excerpt":{"rendered":"<p>Ai un eveniment special \u00een afara hotelului nostru? Servicii de catering Hotel Caro Oradea Ai un eveniment special \u00een afara hotelului nostru? Dore\u0219ti s\u0103 impresionezi oaspe\u021bii cu o experien\u021b\u0103 culinar\u0103 rafinat\u0103, chiar \u00een confortul propriei tale loca\u021bii? CARO vine \u00een \u00eent\u00e2mpinarea nevoilor tale cu servicii personalizate \u0219i sofisticate de catering. Beneficiezi de meniuri atent selectate, [&hellip;]<\/p>\n","protected":false},"author":1,"featured_media":0,"parent":0,"menu_order":0,"comment_status":"closed","ping_status":"closed","template":"","meta":{"footnotes":""},"class_list":["post-53","page","type-page","status-publish","hentry"],"aioseo_notices":[],"_links":{"self":[{"href":"https:\/\/caro-oradea.ro\/en\/wp-json\/wp\/v2\/pages\/53","targetHints":{"allow":["GET"]}}],"collection":[{"href":"https:\/\/caro-oradea.ro\/en\/wp-json\/wp\/v2\/pages"}],"about":[{"href":"https:\/\/caro-oradea.ro\/en\/wp-json\/wp\/v2\/types\/page"}],"author":[{"embeddable":true,"href":"https:\/\/caro-oradea.ro\/en\/wp-json\/wp\/v2\/users\/1"}],"replies":[{"embeddable":true,"href":"https:\/\/caro-oradea.ro\/en\/wp-json\/wp\/v2\/comments?post=53"}],"version-history":[{"count":3,"href":"https:\/\/caro-oradea.ro\/en\/wp-json\/wp\/v2\/pages\/53\/revisions"}],"predecessor-version":[{"id":1386,"href":"https:\/\/caro-oradea.ro\/en\/wp-json\/wp\/v2\/pages\/53\/revisions\/1386"}],"wp:attachment":[{"href":"https:\/\/caro-oradea.ro\/en\/wp-json\/wp\/v2\/media?parent=53"}],"curies":[{"name":"wp","href":"https:\/\/api.w.org\/{rel}","templated":true}]}}