{"id":1362,"date":"2024-02-06T16:38:40","date_gmt":"2024-02-06T16:38:40","guid":{"rendered":"https:\/\/caro-oradea.ro\/?page_id=1362"},"modified":"2024-02-09T15:06:04","modified_gmt":"2024-02-09T15:06:04","slug":"politica-de-anulare-retur-a-hotelului-caro-oradea","status":"publish","type":"page","link":"https:\/\/caro-oradea.ro\/en\/politica-de-anulare-retur-a-hotelului-caro-oradea\/","title":{"rendered":"Caro Oradea Hotel Cancellation\/Return Policy"},"content":{"rendered":"<p><strong>Free Cancellation:<br><\/strong>Cancellation of reservations is free until 15:00 the day before the check-in date. Any subsequent cancellations will be subject to the conditions set out in the hotel&#039;s cancellation policy.<\/p>\n\n\n\n<p><strong>Paid Bookings:<br><\/strong>In the case of paid reservations, they can be canceled according to the return policy, provided that they are made at least 24 hours before the scheduled check-in time.<\/p>\n\n\n\n<p><strong>Refund of Money:<br><\/strong>In the event of a compliant cancellation of a paid reservation, the refund will be made exclusively to the account from which the initial payment was made.<\/p>\n\n\n\n<p><strong>Repayment Period:<br><\/strong>The refund will be processed within 14 calendar days from the date of cancellation. Hotel Caro reserves the right to adjust this term according to exceptional circumstances, with prior information to the customer.<\/p>\n\n\n\n<p><strong>Contact:<br><\/strong>For any questions or clarifications regarding the cancellation policy, please contact the email address: <a href=\"mailto:contact@caro-oradea.ro\" target=\"_blank\" rel=\"noopener\" title=\"\">contact@caro-oradea.ro<\/a><\/p>\n\n\n\n<p>CRISTESIM SRL \u2013 CUI RO16272923 | J05\/541\/2004<br><strong>Work point address:<\/strong> Mihail Kog\u0103lniceanu Street, no. 21\/A, Oradea-Bihor, Romania<br><strong>Social headquarters:<\/strong> Cuza Vod\u0103 Street, no. 22, Oradea-Bihor, Romania<\/p>\n\n\n\n<p>IBAN code: RO09BACX0000003018338000<br>UniCredit Tiriac Bank<\/p>","protected":false},"excerpt":{"rendered":"<p>Anulare Gratuit\u0103:Anularea rezerv\u0103rilor este gratuit\u0103 p\u00e2n\u0103 \u00een ziua anterioar\u0103 datei de check-in, p\u00e2n\u0103 la ora 15:00. Orice anulare ulterioar\u0103 va fi supus\u0103 condi\u021biilor stabilite \u00een politica de anulare a hotelului. Rezerv\u0103ri Achitate:\u00cen cazul rezerv\u0103rilor achitate, acestea pot fi anulate conform politicii de retur, cu condi\u021bia s\u0103 fie efectuate cu cel pu\u021bin 24 de ore \u00eenainte [&hellip;]<\/p>\n","protected":false},"author":1,"featured_media":0,"parent":0,"menu_order":0,"comment_status":"closed","ping_status":"closed","template":"","meta":{"footnotes":""},"class_list":["post-1362","page","type-page","status-publish","hentry"],"aioseo_notices":[],"_links":{"self":[{"href":"https:\/\/caro-oradea.ro\/en\/wp-json\/wp\/v2\/pages\/1362","targetHints":{"allow":["GET"]}}],"collection":[{"href":"https:\/\/caro-oradea.ro\/en\/wp-json\/wp\/v2\/pages"}],"about":[{"href":"https:\/\/caro-oradea.ro\/en\/wp-json\/wp\/v2\/types\/page"}],"author":[{"embeddable":true,"href":"https:\/\/caro-oradea.ro\/en\/wp-json\/wp\/v2\/users\/1"}],"replies":[{"embeddable":true,"href":"https:\/\/caro-oradea.ro\/en\/wp-json\/wp\/v2\/comments?post=1362"}],"version-history":[{"count":3,"href":"https:\/\/caro-oradea.ro\/en\/wp-json\/wp\/v2\/pages\/1362\/revisions"}],"predecessor-version":[{"id":1374,"href":"https:\/\/caro-oradea.ro\/en\/wp-json\/wp\/v2\/pages\/1362\/revisions\/1374"}],"wp:attachment":[{"href":"https:\/\/caro-oradea.ro\/en\/wp-json\/wp\/v2\/media?parent=1362"}],"curies":[{"name":"wp","href":"https:\/\/api.w.org\/{rel}","templated":true}]}}