{"id":1349,"date":"2024-02-06T09:52:19","date_gmt":"2024-02-06T09:52:19","guid":{"rendered":"https:\/\/caro-oradea.ro\/?page_id=1349"},"modified":"2024-02-06T09:52:19","modified_gmt":"2024-02-06T09:52:19","slug":"regulament-de-ordine-interioara","status":"publish","type":"page","link":"https:\/\/caro-oradea.ro\/en\/regulament-de-ordine-interioara\/","title":{"rendered":"REGULATION OF INTERNAL ORDERS"},"content":{"rendered":"<p>The regulation applies to all tourists entering the hotel and must comply with it without limits or reservations. Making a booking constitutes your consent to this policy.<\/p>\n\n\n\n<p>&nbsp;As Hosts, we want you to have a pleasant stay at CARO BOUTIQUE HOTEL&amp;RESTAURANT by assuring you that we strive that the services offered are at the level of your requirements. In order to be able to fulfill these goals, in such a way that you come back to us with pleasure every time, please respect the following rules of internal order:&nbsp;<\/p>\n\n\n\n<p>\u25cf Tourist is any person who benefits from any service provided by CARO BOUTIQUE HOTEL&amp;RESTAURANT&nbsp;<\/p>\n\n\n\n<p>\u25cf Accommodation is made at the reception, presenting the identity document for the electronic registration intended for guests, completing all the documents according to the law, in order to release the key\/access card related to the reserved room;&nbsp;<\/p>\n\n\n\n<p>\u25cf As a rule, check-in starts at 3:00 p.m., and the room is checked out by 12:00 p.m.<\/p>\n\n\n\n<p>\u25cf Payment of accommodation costs is made at the latest at the time of arrival, at the reception. From the moment of taking the key\/card from the reception, until its release, the tourist is responsible for the reserved room;&nbsp;<\/p>\n\n\n\n<p>\u25cf The people who come to visit must be notified at the reception, they must leave the hotel by 23.00 on the same day at the latest. If they do not leave the hotel, the accommodation fee will be charged.<\/p>\n\n\n\n<p>\u25cf Breakfast takes place between the hours: 7.30 \u2013 10.00; this timetable can be changed provided that the reception notifies the tourist in advance!&nbsp;<\/p>\n\n\n\n<p>\u25cf Please do not use the towels for: wiping dyed hair, removing make-up, cleaning shoes, suitcases, floors, etc. To be used for body use only.&nbsp;<\/p>\n\n\n\n<p>\u25cf Any accident caused as a result of improper use of the equipment or non-compliance with this regulation is the responsibility of the tourist;&nbsp;<\/p>\n\n\n\n<p>\u25cf Also, any accident caused by improper supervision of children is the responsibility of the companion(s)<\/p>\n\n\n\n<p>\u25cf The hotel does not assume responsibility for the cars in the parking lot and for the objects left inside them<\/p>\n\n\n\n<p>&nbsp;\u25cf It is forbidden to access and use electrical appliances (e.g.: stoves, radiators, kettles, irons, etc.) in the hotel, with the exception of those provided in the room<\/p>\n\n\n\n<ul class=\"wp-block-list\">\n<li>In case you need ironing services, please contact the receptionist.<\/li>\n<\/ul>\n\n\n\n<p>\u25cf Smoking\/vaping (electronic cigarette \u2013 according to EC regulation) is only allowed in specially arranged spaces; it is forbidden to throw cigarette butts anywhere other than in ashtrays.<\/p>\n\n\n\n<p>\u25cf Garbage and household waste will be stored in specially arranged places, in household bags or in trash cans<\/p>\n\n\n\n<p>\u25cf Do not throw objects into the toilet bowl that could lead to clogging of the sewage system; also valid for sink and shower drains<\/p>\n\n\n\n<p>&nbsp;\u25cf It is forbidden to use the equipment and equipment of the hotel, other than those intended for tourists, without the consent of the hotel staff;&nbsp;<\/p>\n\n\n\n<p>\u25cf It is forbidden to bring into the hotel: weapons, edged weapons or substances prohibited by law<\/p>\n\n\n\n<p>&nbsp;\u25cf The consumption or sale of hallucinogenic or &quot;psychotropic&quot; substances is prohibited, they are punishable according to the laws in force.&nbsp;<\/p>\n\n\n\n<ul class=\"wp-block-list\">\n<li>The hotel does NOT accept pets<\/li>\n<\/ul>\n\n\n\n<p>\u25cf Handing over the key\/access card at the reception is done after the room has been checked by the hotel staff<\/p>\n\n\n\n<p>&nbsp;\u25cf In case of early departure, the hotel reception must be notified at least 12 hours before.&nbsp;<\/p>\n\n\n\n<p><strong>Tourists have the obligation to:&nbsp;<\/strong><\/p>\n\n\n\n<p>\u25cf Not to take any object from the hotel equipment and\/or that does not belong to them upon departure<\/p>\n\n\n\n<p>&nbsp;\u25cf Not to damage the objects of the hotel, otherwise they owe the hotel an amount equal to the value of the damaged object to which the related work is added;&nbsp;<\/p>\n\n\n\n<p>\u25cf Not to enter other rooms or spaces off-limits to tourists<\/p>\n\n\n\n<p>&nbsp;\u25cf Do not leave children unattended, it is forbidden to use the elevator by children under 12 years old without an adult companion<\/p>\n\n\n\n<p>\u25cf To announce as quickly as possible any malfunction of equipment or installations<\/p>\n\n\n\n<p>\u25cf To keep the peace in the hotel and to respect other people<\/p>\n\n\n\n<ul class=\"wp-block-list\">\n<li>The hotel reception is closed between 23.00 and 07.00. Please let us know if you arrive after 10pm.<\/li>\n<\/ul>\n\n\n\n<p>The Caro Boutique Hotel&amp;Restaurant team<\/p>","protected":false},"excerpt":{"rendered":"<p>Regulamentul se aplic\u0103 tuturor turi\u0219tilor care intr\u0103 \u00een hotel \u0219i trebuie s\u0103 i se conformeze f\u0103r\u0103 limite sau rezerve. Efectuarea unei rezerv\u0103ri reprezint\u0103 consim\u021b\u0103m\u00e2ntul dumneavoastr\u0103 fa\u021b\u0103 de acest regulament. &nbsp;\u00cen calitate de Gazde, dorim s\u0103 ave\u021bi o \u0219edere pl\u0103cut\u0103 la CARO BOUTIQUE HOTEL&amp;RESTAURANT asigur\u00e2ndu-v\u0103 c\u0103 ne str\u0103duim ca serviciile oferite s\u0103 fie la nivelul cerin\u021belor [&hellip;]<\/p>\n","protected":false},"author":1,"featured_media":0,"parent":0,"menu_order":0,"comment_status":"closed","ping_status":"closed","template":"","meta":{"footnotes":""},"class_list":["post-1349","page","type-page","status-publish","hentry"],"aioseo_notices":[],"_links":{"self":[{"href":"https:\/\/caro-oradea.ro\/en\/wp-json\/wp\/v2\/pages\/1349","targetHints":{"allow":["GET"]}}],"collection":[{"href":"https:\/\/caro-oradea.ro\/en\/wp-json\/wp\/v2\/pages"}],"about":[{"href":"https:\/\/caro-oradea.ro\/en\/wp-json\/wp\/v2\/types\/page"}],"author":[{"embeddable":true,"href":"https:\/\/caro-oradea.ro\/en\/wp-json\/wp\/v2\/users\/1"}],"replies":[{"embeddable":true,"href":"https:\/\/caro-oradea.ro\/en\/wp-json\/wp\/v2\/comments?post=1349"}],"version-history":[{"count":2,"href":"https:\/\/caro-oradea.ro\/en\/wp-json\/wp\/v2\/pages\/1349\/revisions"}],"predecessor-version":[{"id":1351,"href":"https:\/\/caro-oradea.ro\/en\/wp-json\/wp\/v2\/pages\/1349\/revisions\/1351"}],"wp:attachment":[{"href":"https:\/\/caro-oradea.ro\/en\/wp-json\/wp\/v2\/media?parent=1349"}],"curies":[{"name":"wp","href":"https:\/\/api.w.org\/{rel}","templated":true}]}}